{"id":1104,"date":"2025-08-14T09:03:48","date_gmt":"2025-08-14T09:03:48","guid":{"rendered":"https:\/\/riaskru.com\/carta-riaskru\/"},"modified":"2025-08-28T08:27:53","modified_gmt":"2025-08-28T08:27:53","slug":"carta-riaskru","status":"publish","type":"page","link":"https:\/\/riaskru.com\/en\/carta-riaskru\/","title":{"rendered":"Carta R\u00edasKru"},"content":{"rendered":"[vc_row type=&#8221;in_container&#8221; full_screen_row_position=&#8221;middle&#8221; column_margin=&#8221;default&#8221; column_direction=&#8221;default&#8221; column_direction_tablet=&#8221;default&#8221; column_direction_phone=&#8221;default&#8221; scene_position=&#8221;center&#8221; text_color=&#8221;dark&#8221; text_align=&#8221;left&#8221; row_border_radius=&#8221;none&#8221; row_border_radius_applies=&#8221;bg&#8221; overflow=&#8221;visible&#8221; overlay_strength=&#8221;0.3&#8243; gradient_direction=&#8221;left_to_right&#8221; shape_divider_position=&#8221;bottom&#8221; bg_image_animation=&#8221;none&#8221;][vc_column column_padding=&#8221;no-extra-padding&#8221; column_padding_tablet=&#8221;inherit&#8221; column_padding_phone=&#8221;inherit&#8221; column_padding_position=&#8221;all&#8221; column_element_direction_desktop=&#8221;default&#8221; column_element_spacing=&#8221;default&#8221; desktop_text_alignment=&#8221;default&#8221; tablet_text_alignment=&#8221;default&#8221; phone_text_alignment=&#8221;default&#8221; background_color_opacity=&#8221;1&#8243; background_hover_color_opacity=&#8221;1&#8243; column_backdrop_filter=&#8221;none&#8221; column_shadow=&#8221;none&#8221; column_border_radius=&#8221;none&#8221; column_link_target=&#8221;_self&#8221; column_position=&#8221;default&#8221; gradient_direction=&#8221;left_to_right&#8221; overlay_strength=&#8221;0.3&#8243; width=&#8221;1\/1&#8243; tablet_width_inherit=&#8221;default&#8221; animation_type=&#8221;default&#8221; bg_image_animation=&#8221;none&#8221; border_type=&#8221;simple&#8221; column_border_width=&#8221;none&#8221; column_border_style=&#8221;solid&#8221;][vc_raw_html]JTNDc2VjdGlvbiUyMGNsYXNzJTNEJTIybWVudS1jb250YWluZXIlMjIlM0UlMEElMjAlMjAlM0NkaXYlMjBjbGFzcyUzRCUyMm1lbnUtaGVhZGVyJTIyJTNFJTBBJTIwJTIwJTIwJTIwJTNDaW1nJTIwc3JjJTNEJTIyaHR0cHMlM0ElMkYlMkZyaWFza3J1LmNvbSUyRndwLWNvbnRlbnQlMkZ1cGxvYWRzJTJGMjAyNSUyRjA4JTJGbG9sb2xpdGEtMS5wbmclMjIlMjBhbHQlM0QlMjJMb2dvJTIwUiVDMyVBRGFzS1JVJTIyJTIwY2xhc3MlM0QlMjJtZW51LWxvZ28lMjIlM0UlMEElMjAlMjAlMjAlMjAlM0NoMSUyMGNsYXNzJTNEJTIybWVudS1oZWFkaW5nJTIyJTNFTWVudSUzQyUyRmgxJTNFJTBBJTIwJTIwJTNDJTJGZGl2JTNFJTBBJTBBJTIwJTIwJTNDc2VjdGlvbiUyMGNsYXNzJTNEJTIybWVudS1zZWN0aW9uJTIyJTNFJTBBJTIwJTIwJTIwJTIwJTNDaDIlMjBjbGFzcyUzRCUyMm1lbnUtdGl0bGUlMjIlM0VTdGFydGVycyUzQyUyRmgyJTNFJTBBJTIwJTIwJTIwJTIwJTNDdWwlMjBjbGFzcyUzRCUyMm1lbnUtbGlzdCUyMiUzRSUwQSUyMCUyMCUyMCUyMCUyMCUyMCUzQ2xpJTNFJTNDc3BhbiUzRVRvbWF0byUyMHNhbGFkJTIwZnJvbSUyMExvZG9zYSUyMHdpdGglMjBHZW5vdmVzZSUyMHBlc3RvJTIwYW5kJTIwYW5jaG92aWVzJTNDJTJGc3BhbiUzRSUzQ3N0cm9uZyUzRTE4JTJDNTAlRTIlODIlQUMlM0MlMkZzdHJvbmclM0UlM0MlMkZsaSUzRSUwQSUyMCUyMCUyMCUyMCUyMCUyMCUzQ2xpJTNFJTNDc3BhbiUzRUxvYnN0ZXIlMjBzYWxhZCUzQyUyRnNwYW4lM0UlM0NzdHJvbmclM0VQcmljZSUyMGFjY29yZGluZyUyMHRvJTIwbWFya2V0JTNDJTJGc3Ryb25nJTNFJTNDJTJGbGklM0UlMEElMjAlMjAlMjAlMjAlMjAlMjAlM0NsaSUzRSUzQ3NwYW4lM0VTYWx0ZWQlMjBhbmNob3ZpZXMlMjB3aXRoJTIwcm9hc3RlZCUyMHBlcHBlciUyMGFuZCUyMG1hbmNoZWdvJTIwY2hlZXNlJTNDJTJGc3BhbiUzRSUzQ3N0cm9uZyUzRTMlMkM3NSVFMiU4MiVBQyUyRnUuJTNDJTJGc3Ryb25nJTNFJTNDJTJGbGklM0UlMEElMjAlMjAlMjAlMjAlMjAlMjAlM0NsaSUzRSUzQ3NwYW4lM0VQcmF3biUyMGFuZCUyMHNwaWRlciUyMGNyYWIlMjBjcm9xdWV0dGUlM0MlMkZzcGFuJTNFJTNDc3Ryb25nJTNFMyUyQzc1JUUyJTgyJUFDJTJGdS4lM0MlMkZzdHJvbmclM0UlM0MlMkZsaSUzRSUwQSUyMCUyMCUyMCUyMCUyMCUyMCUzQ2xpJTNFJTNDc3BhbiUzRUliZXJpYyUyMGhhbSUyMGdyYW4lMjByZXNlcnZhJTNDJTJGc3BhbiUzRSUzQ3N0cm9uZyUzRTMxJUUyJTgyJUFDJTNDJTJGc3Ryb25nJTNFJTNDJTJGbGklM0UlMEElMjAlMjAlMjAlMjAlMjAlMjAlM0NsaSUzRSUzQ3NwYW4lM0VHYWxpY2lhbiUyMGJlZWYlMjBjYXJwYWNjaW8lMjB3aXRoJTIwcGF5b3lvJTIwY2hlZXNlJTJDJTIwZm9pZSUyMGFuZCUyMHRydWZmbGUlM0MlMkZzcGFuJTNFJTNDc3Ryb25nJTNFMTglRTIlODIlQUMlM0MlMkZzdHJvbmclM0UlM0MlMkZsaSUzRSUwQSUyMCUyMCUyMCUyMCUzQyUyRnVsJTNFJTBBJTIwJTIwJTNDJTJGc2VjdGlvbiUzRSUwQSUwQSUyMCUyMCUzQ3NlY3Rpb24lMjBjbGFzcyUzRCUyMm1lbnUtc2VjdGlvbiUyMiUzRSUwQSUyMCUyMCUyMCUyMCUzQ2gyJTIwY2xhc3MlM0QlMjJtZW51LXRpdGxlJTIyJTNFU2VhZm9vZCUzQyUyRmgyJTNFJTBBJTIwJTIwJTIwJTIwJTNDdWwlMjBjbGFzcyUzRCUyMm1lbnUtbGlzdCUyMiUzRSUwQSUyMCUyMCUyMCUyMCUyMCUyMCUzQ2xpJTNFJTNDc3BhbiUzRUZpc2glMjBhbmQlMjBzZWFmb29kJTIwc291cCUzQyUyRnNwYW4lM0UlM0NzdHJvbmclM0UyMCVFMiU4MiVBQyUzQyUyRnN0cm9uZyUzRSUzQyUyRmxpJTNFJTBBJTIwJTIwJTIwJTIwJTIwJTIwJTNDbGklM0UlM0NzcGFuJTNFR2FsaWNpYW4lMjBveXN0ZXIlM0MlMkZzcGFuJTNFJTNDc3Ryb25nJTNFNiUyQzUlRTIlODIlQUMlMkZ1LiUzQyUyRnN0cm9uZyUzRSUzQyUyRmxpJTNFJTBBJTIwJTIwJTIwJTIwJTIwJTIwJTNDbGklM0UlM0NzcGFuJTNFQ2FycmlsJTIwY2xhbXMlMjBsaXZlJTIwbmF0dXJhbCUzQyUyRnNwYW4lM0UlM0NzdHJvbmclM0UyMCVFMiU4MiVBQyUyRjEwMGclM0MlMkZzdHJvbmclM0UlM0MlMkZsaSUzRSUwQSUyMCUyMCUyMCUyMCUyMCUyMCUzQ2xpJTNFJTNDc3BhbiUzRUNsYW1zJTIwZmlzaGVybWFuJTIwc3R5bGUlM0MlMkZzcGFuJTNFJTNDc3Ryb25nJTNFMzQlRTIlODIlQUMlM0MlMkZzdHJvbmclM0UlM0MlMkZsaSUzRSUwQSUyMCUyMCUyMCUyMCUyMCUyMCUzQ2xpJTNFJTNDc3BhbiUzRVNwaW55JTIwZGllLW11cmV4ZXMlMkMlMjBzdGVhbWVkJTNDJTJGc3BhbiUzRSUzQ3N0cm9uZyUzRTEyJUUyJTgyJUFDJTJGMTAwZyUzQyUyRnN0cm9uZyUzRSUzQyUyRmxpJTNFJTBBJTIwJTIwJTIwJTIwJTIwJTIwJTNDbGklM0UlM0NzcGFuJTNFU2hyaW1wJTIwZnJvbSUyMHRoZSUyMEdhbGljaWFuJTIwZXN0dWFyeSUzQyUyRnNwYW4lM0UlM0NzdHJvbmclM0UyMCVFMiU4MiVBQyUyRjEwMGclM0MlMkZzdHJvbmclM0UlM0MlMkZsaSUzRSUwQSUyMCUyMCUyMCUyMCUyMCUyMCUzQ2xpJTNFJTNDc3BhbiUzRUdhbGljaWFuJTIwZ29vc2UlMjBiYXJuYWNsZSUyMGZyb20lMjBSb25jdWRvJTIwaW4lMjBDb3JtZSUyQyUyMExheGUlMkMlMjBDZWRlaXJhJTNDJTJGc3BhbiUzRSUzQ3N0cm9uZyUzRVByaWNlJTIwYWNjb3JkaW5nJTIwdG8lMjBtYXJrZXQlM0MlMkZzdHJvbmclM0UlM0MlMkZsaSUzRSUwQSUyMCUyMCUyMCUyMCUyMCUyMCUzQ2xpJTNFJTNDc3BhbiUzRVNlYSUyMGN1Y3VtYmVyJTJDJTIwZ3JpbGxlZCUzQyUyRnNwYW4lM0UlM0NzdHJvbmclM0U3OCVFMiU4MiVBQyUzQyUyRnN0cm9uZyUzRSUzQyUyRmxpJTNFJTBBJTIwJTIwJTIwJTIwJTIwJTIwJTNDbGklM0UlM0NzcGFuJTNFUmF6b3IlMjBjbGFtcyUyMGZyb20lMjBDaWVzJTIwSXNsYW5kcyUyQyUyMGdyaWxsZWQlM0MlMkZzcGFuJTNFJTNDc3Ryb25nJTNFMjAlRTIlODIlQUMlMkY0dS4lM0MlMkZzdHJvbmclM0UlM0MlMkZsaSUzRSUwQSUyMCUyMCUyMCUyMCUyMCUyMCUzQ2xpJTNFJTNDc3BhbiUzRUJhYnklMjBzY2FsbG9wcyUyQyUyMGdyaWxsZWQlM0MlMkZzcGFuJTNFJTNDc3Ryb25nJTNFMTglRTIlODIlQUMlMkY0dS4lM0MlMkZzdHJvbmclM0UlM0MlMkZsaSUzRSUwQSUyMCUyMCUyMCUyMCUyMCUyMCUzQ2xpJTNFJTNDc3BhbiUzRU1lZGl0ZXJyYW5lYW4lMjByZWQlMjBwcmF3bnMlMjBYWEwlMkMlMjBncmlsbGVkJTIwJTI4bWluJTIwNTBnciUyOSUzQyUyRnNwYW4lM0UlM0NzdHJvbmclM0UzMiVFMiU4MiVBQyUyRjEwMGclM0MlMkZzdHJvbmclM0UlM0MlMkZsaSUzRSUwQSUyMCUyMCUyMCUyMCUyMCUyMCUzQ2xpJTNFJTNDc3BhbiUzRUdhbGljaWFuJTIwc2NhbXBpJTIwMTAwJTJGMTIwZyUzQyUyRnNwYW4lM0UlM0NzdHJvbmclM0UyMSVFMiU4MiVBQyUyRjEwMGclM0MlMkZzdHJvbmclM0UlM0MlMkZsaSUzRSUwQSUyMCUyMCUyMCUyMCUyMCUyMCUzQ2xpJTNFJTNDc3BhbiUzRUdhbGljaWFuJTIwc21hbGwlMjBlZGlibGUlMjBjcmFiJTNDJTJGc3BhbiUzRSUzQ3N0cm9uZyUzRTglRTIlODIlQUMlMkYxMDBnJTNDJTJGc3Ryb25nJTNFJTNDJTJGbGklM0UlMEElMjAlMjAlMjAlMjAlMjAlMjAlM0NsaSUzRSUzQ3NwYW4lM0VDYW50YWJyaWFuJTIwYmx1ZSUyMGxvYnN0ZXIlMkMlMjBncmlsbGVkJTIwb3IlMjBnYXJsaWMlMjBzdHlsZSUyMG9yJTIwY2hpbGklMjBjcmFiJTIwc2F1Y2UlM0MlMkZzcGFuJTNFJTNDc3Ryb25nJTNFUHJpY2UlMjBhY2NvcmRpbmclMjB0byUyMG1hcmtldCUzQyUyRnN0cm9uZyUzRSUzQyUyRmxpJTNFJTBBJTIwJTIwJTIwJTIwJTIwJTIwJTNDbGklM0UlM0NzcGFuJTNFTWVkaXRlcnJhbmVhbiUyMHNwaW55JTIwbG9ic3RlciUyQyUyMGdyaWxsZWQlMjBvciUyMGdhcmxpYyUyMHN0eWxlJTIwb3IlMjBjaGlsaSUyMGNyYWIlMjBzYXVjZSUzQyUyRnNwYW4lM0UlM0NzdHJvbmclM0VQcmljZSUyMGFjY29yZGluZyUyMHRvJTIwbWFya2V0JTNDJTJGc3Ryb25nJTNFJTNDJTJGbGklM0UlMEElMjAlMjAlMjAlMjAlM0MlMkZ1bCUzRSUwQSUyMCUyMCUzQyUyRnNlY3Rpb24lM0UlMEElMEElMjAlMjAlM0NzZWN0aW9uJTIwY2xhc3MlM0QlMjJtZW51LXNlY3Rpb24lMjIlM0UlMEElMjAlMjAlMjAlMjAlM0NoMiUyMGNsYXNzJTNEJTIybWVudS10aXRsZSUyMiUzRVJpY2UlMjAlMjYlMjBQYXN0YSUzQyUyRmgyJTNFJTBBJTIwJTIwJTIwJTIwJTNDdWwlMjBjbGFzcyUzRCUyMm1lbnUtbGlzdCUyMiUzRSUwQSUyMCUyMCUyMCUyMCUyMCUyMCUzQ2xpJTNFJTNDc3BhbiUzRUNsYW1zJTIwZmlzaGVybWFuJTIwcmljZSUzQyUyRnNwYW4lM0UlM0NzdHJvbmclM0UzNiVFMiU4MiVBQyUzQyUyRnN0cm9uZyUzRSUzQyUyRmxpJTNFJTBBJTIwJTIwJTIwJTIwJTIwJTIwJTNDbGklM0UlM0NzcGFuJTNFVmVsdmV0JTIwc3dpbW1pbmclMjBjcmFiJTIwcmljZSUzQyUyRnNwYW4lM0UlM0NzdHJvbmclM0UzMiVFMiU4MiVBQyUzQyUyRnN0cm9uZyUzRSUzQyUyRmxpJTNFJTBBJTIwJTIwJTIwJTIwJTIwJTIwJTNDbGklM0UlM0NzcGFuJTNFUmljZSUyMHdpdGglMjBsb2JzdGVyJTNDJTJGc3BhbiUzRSUzQ3N0cm9uZyUzRTQ4JUUyJTgyJUFDJTNDJTJGc3Ryb25nJTNFJTNDJTJGbGklM0UlMEElMjAlMjAlMjAlMjAlMjAlMjAlM0NsaSUzRSUzQ3NwYW4lM0VDcmVhbXklMjByaWNlJTIwd2l0aCUyMHNlYXNvbmFsJTIwd2lsZCUyMG11c2hyb29tcyUyMGFuZCUyMGdvcmdvbnpvbGElM0MlMkZzcGFuJTNFJTNDc3Ryb25nJTNFMjIlRTIlODIlQUMlM0MlMkZzdHJvbmclM0UlM0MlMkZsaSUzRSUwQSUyMCUyMCUyMCUyMCUyMCUyMCUzQ2xpJTNFJTNDc3BhbiUzRVNwYWdoZXR0aSUyMHdpdGglMjBsb2JzdGVyJTNDJTJGc3BhbiUzRSUzQ3N0cm9uZyUzRTQ4JUUyJTgyJUFDJTNDJTJGc3Ryb25nJTNFJTNDJTJGbGklM0UlMEElMjAlMjAlMjAlMjAlMjAlMjAlM0NsaSUzRSUzQ3NwYW4lM0VSaWdhdG9uaSUyMHdpdGglMjBjbGFtcyUzQyUyRnNwYW4lM0UlM0NzdHJvbmclM0UzNiVFMiU4MiVBQyUzQyUyRnN0cm9uZyUzRSUzQyUyRmxpJTNFJTBBJTIwJTIwJTIwJTIwJTIwJTIwJTNDbGklM0UlM0NzcGFuJTNFTG9uZyUyMHNwaWRlciUyMGNyYWIlMjBjYW5uZWxsb25pJTNDJTJGc3BhbiUzRSUzQ3N0cm9uZyUzRTI0JUUyJTgyJUFDJTNDJTJGc3Ryb25nJTNFJTNDJTJGbGklM0UlMEElMjAlMjAlMjAlMjAlM0MlMkZ1bCUzRSUwQSUyMCUyMCUzQyUyRnNlY3Rpb24lM0UlMEElMEElMjAlMjAlM0NzZWN0aW9uJTIwY2xhc3MlM0QlMjJtZW51LXNlY3Rpb24lMjIlM0UlMEElMjAlMjAlMjAlMjAlM0NoMiUyMGNsYXNzJTNEJTIybWVudS10aXRsZSUyMiUzRUZpc2glM0MlMkZoMiUzRSUwQSUyMCUyMCUyMCUyMCUzQ3VsJTIwY2xhc3MlM0QlMjJtZW51LWxpc3QlMjIlM0UlMEElMjAlMjAlMjAlMjAlMjAlMjAlM0NsaSUzRSUzQ3NwYW4lM0VIYWtlJTIwJUUyJTgwJTlDa29rb3R4YXMlMjBhbCUyMHBpbC1waWwlRTIlODAlOUQlM0MlMkZzcGFuJTNFJTNDc3Ryb25nJTNFNDMlRTIlODIlQUMlM0MlMkZzdHJvbmclM0UlM0MlMkZsaSUzRSUwQSUyMCUyMCUyMCUyMCUyMCUyMCUzQ2xpJTNFJTNDc3BhbiUzRVdpbGQlMjBzZWEtYmFzcyUyQyUyMGdyaWxsZWQlMjBvciUyMGJha2VkJTNDJTJGc3BhbiUzRSUzQ3N0cm9uZyUzRTM5JUUyJTgyJUFDJTNDJTJGc3Ryb25nJTNFJTNDJTJGbGklM0UlMEElMjAlMjAlMjAlMjAlMjAlMjAlM0NsaSUzRSUzQ3NwYW4lM0VDYW50YWJyaWFuJTIwdHVyYm90JTIwJTI4dHJ1bmslMjklMkMlMjBjaGFyY29hbCUyMGdyaWxsZWQlMkMlMjBEb25vc3RpYXJyYSUyMHN0eWxlJTNDJTJGc3BhbiUzRSUzQ3N0cm9uZyUzRTU5JUUyJTgyJUFDJTNDJTJGc3Ryb25nJTNFJTNDJTJGbGklM0UlMEElMjAlMjAlMjAlMjAlMjAlMjAlM0NsaSUzRSUzQ3NwYW4lM0VDYW50YWJyaWFuJTIwdHVyYm90JTIwJTI4bG9pbiUyOSUyQyUyMGJha2VkJTJDJTIwZ3JpbGxlZCUyMG9yJTIwRG9ub3N0aWFycmElMjBzdHlsZSUzQyUyRnNwYW4lM0UlM0NzdHJvbmclM0UzOSVFMiU4MiVBQyUzQyUyRnN0cm9uZyUzRSUzQyUyRmxpJTNFJTBBJTIwJTIwJTIwJTIwJTIwJTIwJTNDbGklM0UlM0NzcGFuJTNFRnJpZWQlMjB3aWxkJTIwdHVyYm90JTNDJTJGc3BhbiUzRSUzQ3N0cm9uZyUzRTI4JUUyJTgyJUFDJTNDJTJGc3Ryb25nJTNFJTNDJTJGbGklM0UlMEElMjAlMjAlMjAlMjAlM0MlMkZ1bCUzRSUwQSUyMCUyMCUzQyUyRnNlY3Rpb24lM0UlMEElMEElMjAlMjAlM0NzZWN0aW9uJTIwY2xhc3MlM0QlMjJtZW51LXNlY3Rpb24lMjIlM0UlMEElMjAlMjAlMjAlMjAlM0NoMiUyMGNsYXNzJTNEJTIybWVudS10aXRsZSUyMiUzRU1vbGx1c2NzJTNDJTJGaDIlM0UlMEElMjAlMjAlMjAlMjAlM0N1bCUyMGNsYXNzJTNEJTIybWVudS1saXN0JTIyJTNFJTBBJTIwJTIwJTIwJTIwJTIwJTIwJTNDbGklM0UlM0NzcGFuJTNFRnJlbmNoJTIwb3lzdGVycyUyME4lQzIlQkEyJTIwbmF0dXJhbCUzQyUyRnNwYW4lM0UlM0NzdHJvbmclM0U1JTJDNiVFMiU4MiVBQyUyRnUuJTNDJTJGc3Ryb25nJTNFJTNDJTJGbGklM0UlMEElMjAlMjAlMjAlMjAlMjAlMjAlM0NsaSUzRSUzQ3NwYW4lM0VGcmVuY2glMjBveXN0ZXJzJTIwTiVDMiVCQTIlMjB3aXRoJTIwcG9uenUlMjBzYXVjZSUyMGFuZCUyMHNhbG1vbiUyMHJvZSUzQyUyRnNwYW4lM0UlM0NzdHJvbmclM0U1JTJDOSVFMiU4MiVBQyUyRnUuJTNDJTJGc3Ryb25nJTNFJTNDJTJGbGklM0UlMEElMjAlMjAlMjAlMjAlMjAlMjAlM0NsaSUzRSUzQ3NwYW4lM0VGcmVuY2glMjBveXN0ZXJzJTIwTiVDMiVCQTIlMjB3aXRoJTIwYXBwbGUlMjBhbmQlMjBncmVlbiUyMHNoaXNvJTNDJTJGc3BhbiUzRSUzQ3N0cm9uZyUzRTUlMkM5JUUyJTgyJUFDJTJGdS4lM0MlMkZzdHJvbmclM0UlM0MlMkZsaSUzRSUwQSUyMCUyMCUyMCUyMCUyMCUyMCUzQ2xpJTNFJTNDc3BhbiUzRUZyZW5jaCUyMG95c3RlcnMlMjBOJUMyJUJBMiUyMHdpdGglMjAlRTIlODAlOUNham8lMjBibGFuY28lRTIlODAlOUQlM0MlMkZzcGFuJTNFJTNDc3Ryb25nJTNFNSUyQzklRTIlODIlQUMlMkZ1LiUzQyUyRnN0cm9uZyUzRSUzQyUyRmxpJTNFJTBBJTIwJTIwJTIwJTIwJTIwJTIwJTNDbGklM0UlM0NzcGFuJTNFUmF3JTIwcmF6b3IlMjBjbGFtJTIwd2l0aCUyMHBpY2tsZWQlMjBxdWFpbCUyMGVzY2FiZWNoZSUzQyUyRnNwYW4lM0UlM0NzdHJvbmclM0U2JTJDMjAlRTIlODIlQUMlMkZ1LiUzQyUyRnN0cm9uZyUzRSUzQyUyRmxpJTNFJTBBJTIwJTIwJTIwJTIwJTNDJTJGdWwlM0UlMEElMjAlMjAlM0MlMkZzZWN0aW9uJTNFJTBBJTBBJTIwJTIwJTNDc2VjdGlvbiUyMGNsYXNzJTNEJTIybWVudS1zZWN0aW9uJTIyJTNFJTBBJTIwJTIwJTIwJTIwJTNDaDIlMjBjbGFzcyUzRCUyMm1lbnUtdGl0bGUlMjIlM0VLUlUlMjBGaXNoJTNDJTJGaDIlM0UlMEElMjAlMjAlMjAlMjAlM0N1bCUyMGNsYXNzJTNEJTIybWVudS1saXN0JTIyJTNFJTBBJTIwJTIwJTIwJTIwJTIwJTIwJTNDbGklM0UlM0NzcGFuJTNFVHVuYSUyMGNhcnBhY2NpbyUyMHdpdGglMjBhdm9jYWRvJTJDJTIwcGlzdGFjaGlvJTIwYW5kJTIwaG9yc2VyYWRpc2glM0MlMkZzcGFuJTNFJTNDc3Ryb25nJTNFMTQlRTIlODIlQUMlM0MlMkZzdHJvbmclM0UlM0MlMkZsaSUzRSUwQSUyMCUyMCUyMCUyMCUyMCUyMCUzQ2xpJTNFJTNDc3BhbiUzRVllbGxvd3RhaWwlMjAlRTIlODAlOUNUaXJhZGl0byVFMiU4MCU5RCUyMHdpdGglMjB5ZWxsb3clMjBjaGlsaSUyMHRpZ2VyJTIwbWlsayUyMGFuZCUyMGdyaWxsZWQlMjBjb3JuJTNDJTJGc3BhbiUzRSUzQ3N0cm9uZyUzRTI1JUUyJTgyJUFDJTNDJTJGc3Ryb25nJTNFJTNDJTJGbGklM0UlMEElMjAlMjAlMjAlMjAlMjAlMjAlM0NsaSUzRSUzQ3NwYW4lM0VTZWFyZWQlMjB0dW5hJTIwYmVsbHklMjB3aXRoJTIwcGVhciUyMHBvbnp1JTNDJTJGc3BhbiUzRSUzQ3N0cm9uZyUzRTIyJUUyJTgyJUFDJTNDJTJGc3Ryb25nJTNFJTNDJTJGbGklM0UlMEElMjAlMjAlMjAlMjAlMjAlMjAlM0NsaSUzRSUzQ3NwYW4lM0VUdW5hJTIwdG9ybyUyMHRyaWxvZ3klMjAlMjhmb2llJTIwZ3JhcyUyQyUyMEF1c3RyYWxpYW4lMjBibGFjayUyMHRydWZmbGUlMkMlMjBhbmQlMjBjYXZpYXIlMjklM0MlMkZzcGFuJTNFJTNDc3Ryb25nJTNFMzAlRTIlODIlQUMlM0MlMkZzdHJvbmclM0UlM0MlMkZsaSUzRSUwQSUyMCUyMCUyMCUyMCUyMCUyMCUzQ2xpJTNFJTNDc3BhbiUzRUtSVSUyMHNhc2hpbWklMjBzZWxlY3Rpb24lMjBvZiUyMDEyJTIwcGllY2VzJTIwJTI4dHdvJTIwb2YlMjBlYWNoJTI5JTNBJTIwSGFtYWNoaSUyQyUyMENhbGFtYXJpJTJDJTIwU2FsbW9uJTJDJTIwQm9uaXRvJTJDJTIwVHVuYSUyMGxvaW4lMkMlMjBUdW5hJTIwdG9ybyUzQyUyRnNwYW4lM0UlM0NzdHJvbmclM0UzOCVFMiU4MiVBQyUzQyUyRnN0cm9uZyUzRSUzQyUyRmxpJTNFJTBBJTIwJTIwJTIwJTIwJTNDJTJGdWwlM0UlMEElMjAlMjAlM0MlMkZzZWN0aW9uJTNFJTBBJTBBJTIwJTIwJTNDc2VjdGlvbiUyMGNsYXNzJTNEJTIybWVudS1zZWN0aW9uJTIyJTNFJTBBJTIwJTIwJTIwJTIwJTNDaDIlMjBjbGFzcyUzRCUyMm1lbnUtdGl0bGUlMjIlM0VUYXJ0YXJlcyUzQyUyRmgyJTNFJTBBJTIwJTIwJTIwJTIwJTNDdWwlMjBjbGFzcyUzRCUyMm1lbnUtbGlzdCUyMiUzRSUwQSUyMCUyMCUyMCUyMCUyMCUyMCUzQ2xpJTNFJTNDc3BhbiUzRVRvbWF0byUyMHRhcnRhciUzQyUyRnNwYW4lM0UlM0NzdHJvbmclM0UxOCVFMiU4MiVBQyUzQyUyRnN0cm9uZyUzRSUzQyUyRmxpJTNFJTBBJTIwJTIwJTIwJTIwJTIwJTIwJTNDbGklM0UlM0NzcGFuJTNFQmx1ZWZpbiUyMHR1bmElMjB0YXJ0YXIlMjB3aXRoJTIwd2hpdGUlMjBmaXNoJTNDJTJGc3BhbiUzRSUzQ3N0cm9uZyUzRTIyJUUyJTgyJUFDJTNDJTJGc3Ryb25nJTNFJTNDJTJGbGklM0UlMEElMjAlMjAlMjAlMjAlMjAlMjAlM0NsaSUzRSUzQ3NwYW4lM0VXYWd5dSUyMHRhcnRhciUzQyUyRnNwYW4lM0UlM0NzdHJvbmclM0UyNiVFMiU4MiVBQyUzQyUyRnN0cm9uZyUzRSUzQyUyRmxpJTNFJTBBJTIwJTIwJTIwJTIwJTIwJTIwJTNDbGklM0UlM0NzcGFuJTNFTG9ic3RlciUyMGFuZCUyMGF2b2NhZG8lMjB0YXJ0YXJlJTNDJTJGc3BhbiUzRSUzQ3N0cm9uZyUzRTM0JUUyJTgyJUFDJTNDJTJGc3Ryb25nJTNFJTNDJTJGbGklM0UlMEElMjAlMjAlMjAlMjAlM0MlMkZ1bCUzRSUwQSUyMCUyMCUzQyUyRnNlY3Rpb24lM0UlMEElMEElMjAlMjAlM0NzZWN0aW9uJTIwY2xhc3MlM0QlMjJtZW51LXNlY3Rpb24lMjIlM0UlMEElMjAlMjAlMjAlMjAlM0NoMiUyMGNsYXNzJTNEJTIybWVudS10aXRsZSUyMiUzRU5pZ2lyaXMlM0MlMkZoMiUzRSUwQSUyMCUyMCUyMCUyMCUzQ3VsJTIwY2xhc3MlM0QlMjJtZW51LWxpc3QlMjIlM0UlMEElMjAlMjAlMjAlMjAlMjAlMjAlM0NsaSUzRSUzQ3NwYW4lM0VNYXR1cmVkJTIwc2FsbW9uJTIwbmlnaXJpJTIwd2l0aCUyMGJsYWNrJTIwZ2FybGljJTNDJTJGc3BhbiUzRSUzQ3N0cm9uZyUzRTQlMkM1JUUyJTgyJUFDJTJGdS4lM0MlMkZzdHJvbmclM0UlM0MlMkZsaSUzRSUwQSUyMCUyMCUyMCUyMCUyMCUyMCUzQ2xpJTNFJTNDc3BhbiUzRVNxdWlkJTIwYW5kJTIwYmxhY2slMjBtaXNvJTIwbmlnaXJpJTNDJTJGc3BhbiUzRSUzQ3N0cm9uZyUzRTUlRTIlODIlQUMlMkZ1LiUzQyUyRnN0cm9uZyUzRSUzQyUyRmxpJTNFJTBBJTIwJTIwJTIwJTIwJTIwJTIwJTNDbGklM0UlM0NzcGFuJTNFVG9ybyUyMHR1bmElMjBuaWdpcmklM0MlMkZzcGFuJTNFJTNDc3Ryb25nJTNFNSVFMiU4MiVBQyUyRnUuJTNDJTJGc3Ryb25nJTNFJTNDJTJGbGklM0UlMEElMjAlMjAlMjAlMjAlMjAlMjAlM0NsaSUzRSUzQ3NwYW4lM0UlRTIlODAlOUNBbGZvbnNpJUMzJUIxbyVFMiU4MCU5RCUyMG5pZ2lyaSUyMHdpdGglMjBzcGljeSUyMGdhcmxpYyUzQyUyRnNwYW4lM0UlM0NzdHJvbmclM0U1JTJDNTAlRTIlODIlQUMlMkZ1LiUzQyUyRnN0cm9uZyUzRSUzQyUyRmxpJTNFJTBBJTIwJTIwJTIwJTIwJTIwJTIwJTNDbGklM0UlM0NzcGFuJTNFU2NhbGxvcCUyMG5pZ2lyaSUyMHdpdGglMjBmb2llJTIwYW5kJTIwZWVsJTIwc2F1Y2UlM0MlMkZzcGFuJTNFJTNDc3Ryb25nJTNFNyUyQzUwJUUyJTgyJUFDJTJGdS4lM0MlMkZzdHJvbmclM0UlM0MlMkZsaSUzRSUwQSUyMCUyMCUyMCUyMCUyMCUyMCUzQ2xpJTNFJTNDc3BhbiUzRUhhbWFjaGklMjBuaWdpcmklMjB3aXRoJTIwQXVzdHJhbGlhbiUyMGJsYWNrJTIwdHJ1ZmZsZSUzQyUyRnNwYW4lM0UlM0NzdHJvbmclM0U3JTJDNTAlRTIlODIlQUMlMkZ1LiUzQyUyRnN0cm9uZyUzRSUzQyUyRmxpJTNFJTBBJTIwJTIwJTIwJTIwJTIwJTIwJTNDbGklM0UlM0NzcGFuJTNFRWVsJTIwbmlnaXJpJTNDJTJGc3BhbiUzRSUzQ3N0cm9uZyUzRTYlRTIlODIlQUMlMkZ1LiUzQyUyRnN0cm9uZyUzRSUzQyUyRmxpJTNFJTBBJTIwJTIwJTIwJTIwJTIwJTIwJTNDbGklM0UlM0NzcGFuJTNFUm9hc3RlZCUyMHdhZ3l1JTIwbmlnaXJpJTIwYW5kJTIwZm9pZSUzQyUyRnNwYW4lM0UlM0NzdHJvbmclM0U5JUUyJTgyJUFDJTJGdS4lM0MlMkZzdHJvbmclM0UlM0MlMkZsaSUzRSUwQSUyMCUyMCUyMCUyMCUzQyUyRnVsJTNFJTBBJTIwJTIwJTNDJTJGc2VjdGlvbiUzRSUwQSUwQSUyMCUyMCUzQ3NlY3Rpb24lMjBjbGFzcyUzRCUyMm1lbnUtc2VjdGlvbiUyMiUzRSUwQSUyMCUyMCUyMCUyMCUzQ2gyJTIwY2xhc3MlM0QlMjJtZW51LXRpdGxlJTIyJTNFTWVhdCUzQyUyRmgyJTNFJTBBJTIwJTIwJTIwJTIwJTNDdWwlMjBjbGFzcyUzRCUyMm1lbnUtbGlzdCUyMiUzRSUwQSUyMCUyMCUyMCUyMCUyMCUyMCUzQ2xpJTNFJTNDc3BhbiUzRVNsb3clMjBjb29rZWQlMjBiZWVmJTIwYnJpc2tldCUzQyUyRnNwYW4lM0UlM0NzdHJvbmclM0UzNSVFMiU4MiVBQyUzQyUyRnN0cm9uZyUzRSUzQyUyRmxpJTNFJTBBJTIwJTIwJTIwJTIwJTIwJTIwJTNDbGklM0UlM0NzcGFuJTNFSmFwYW5lc2UlMjB3YWd5dSUyMGVudHJlY290ZSUyMEE1JTIwS2Fnb3NoaW1hJTNDJTJGc3BhbiUzRSUzQ3N0cm9uZyUzRTQ1JUUyJTgyJUFDJTJGMTAwZ3IlM0MlMkZzdHJvbmclM0UlM0MlMkZsaSUzRSUwQSUyMCUyMCUyMCUyMCUyMCUyMCUzQ2xpJTNFJTNDc3BhbiUzRUdyaWxsZWQlMjB3YWd5dSUzQyUyRnNwYW4lM0UlM0NzdHJvbmclM0U1OCVFMiU4MiVBQyUzQyUyRnN0cm9uZyUzRSUzQyUyRmxpJTNFJTBBJTIwJTIwJTIwJTIwJTNDJTJGdWwlM0UlMEElMjAlMjAlM0MlMkZzZWN0aW9uJTNFJTBBJTNDJTJGc2VjdGlvbiUzRSUwQQ==[\/vc_raw_html][\/vc_column][\/vc_row]\n","protected":false},"excerpt":{"rendered":"<p>[vc_row type=&#8221;in_container&#8221; full_screen_row_position=&#8221;middle&#8221; column_margin=&#8221;default&#8221; column_direction=&#8221;default&#8221; column_direction_tablet=&#8221;default&#8221; column_direction_phone=&#8221;default&#8221; scene_position=&#8221;center&#8221; text_color=&#8221;dark&#8221; text_align=&#8221;left&#8221; row_border_radius=&#8221;none&#8221; row_border_radius_applies=&#8221;bg&#8221; overflow=&#8221;visible&#8221; overlay_strength=&#8221;0.3&#8243; gradient_direction=&#8221;left_to_right&#8221; shape_divider_position=&#8221;bottom&#8221; bg_image_animation=&#8221;none&#8221;][vc_column column_padding=&#8221;no-extra-padding&#8221; column_padding_tablet=&#8221;inherit&#8221; column_padding_phone=&#8221;inherit&#8221; column_padding_position=&#8221;all&#8221; column_element_direction_desktop=&#8221;default&#8221; column_element_spacing=&#8221;default&#8221; desktop_text_alignment=&#8221;default&#8221; tablet_text_alignment=&#8221;default&#8221; phone_text_alignment=&#8221;default&#8221; background_color_opacity=&#8221;1&#8243; background_hover_color_opacity=&#8221;1&#8243; column_backdrop_filter=&#8221;none&#8221; column_shadow=&#8221;none&#8221;&#8230;<\/p>\n","protected":false},"author":1,"featured_media":0,"parent":0,"menu_order":0,"comment_status":"closed","ping_status":"closed","template":"","meta":{"footnotes":""},"class_list":["post-1104","page","type-page","status-publish"],"yoast_head":"<!-- This site is optimized with the Yoast SEO plugin v26.3 - https:\/\/yoast.com\/wordpress\/plugins\/seo\/ -->\n<title>Carta R\u00edasKru - R\u00edasKRU<\/title>\n<meta name=\"robots\" content=\"index, follow, max-snippet:-1, max-image-preview:large, max-video-preview:-1\" \/>\n<link rel=\"canonical\" href=\"https:\/\/riaskru.com\/en\/carta-riaskru\/\" \/>\n<meta property=\"og:locale\" content=\"en_US\" \/>\n<meta property=\"og:type\" content=\"article\" \/>\n<meta property=\"og:title\" content=\"Carta R\u00edasKru - R\u00edasKRU\" \/>\n<meta property=\"og:description\" content=\"[vc_row type=&#8221;in_container&#8221; full_screen_row_position=&#8221;middle&#8221; column_margin=&#8221;default&#8221; column_direction=&#8221;default&#8221; column_direction_tablet=&#8221;default&#8221; column_direction_phone=&#8221;default&#8221; scene_position=&#8221;center&#8221; text_color=&#8221;dark&#8221; text_align=&#8221;left&#8221; row_border_radius=&#8221;none&#8221; row_border_radius_applies=&#8221;bg&#8221; overflow=&#8221;visible&#8221; overlay_strength=&#8221;0.3&#8243; gradient_direction=&#8221;left_to_right&#8221; shape_divider_position=&#8221;bottom&#8221; bg_image_animation=&#8221;none&#8221;][vc_column column_padding=&#8221;no-extra-padding&#8221; column_padding_tablet=&#8221;inherit&#8221; column_padding_phone=&#8221;inherit&#8221; column_padding_position=&#8221;all&#8221; column_element_direction_desktop=&#8221;default&#8221; column_element_spacing=&#8221;default&#8221; desktop_text_alignment=&#8221;default&#8221; tablet_text_alignment=&#8221;default&#8221; phone_text_alignment=&#8221;default&#8221; background_color_opacity=&#8221;1&#8243; background_hover_color_opacity=&#8221;1&#8243; column_backdrop_filter=&#8221;none&#8221; column_shadow=&#8221;none&#8221;...\" \/>\n<meta property=\"og:url\" content=\"https:\/\/riaskru.com\/en\/carta-riaskru\/\" \/>\n<meta property=\"og:site_name\" content=\"R\u00edasKRU\" \/>\n<meta property=\"article:modified_time\" content=\"2025-08-28T08:27:53+00:00\" \/>\n<meta name=\"twitter:card\" content=\"summary_large_image\" \/>\n<meta name=\"twitter:label1\" content=\"Est. reading time\" \/>\n\t<meta name=\"twitter:data1\" content=\"1 minute\" \/>\n<script type=\"application\/ld+json\" class=\"yoast-schema-graph\">{\"@context\":\"https:\/\/schema.org\",\"@graph\":[{\"@type\":\"WebPage\",\"@id\":\"https:\/\/riaskru.com\/en\/carta-riaskru\/\",\"url\":\"https:\/\/riaskru.com\/en\/carta-riaskru\/\",\"name\":\"Carta R\u00edasKru - R\u00edasKRU\",\"isPartOf\":{\"@id\":\"https:\/\/riaskru.com\/en\/#website\"},\"datePublished\":\"2025-08-14T09:03:48+00:00\",\"dateModified\":\"2025-08-28T08:27:53+00:00\",\"breadcrumb\":{\"@id\":\"https:\/\/riaskru.com\/en\/carta-riaskru\/#breadcrumb\"},\"inLanguage\":\"en-US\",\"potentialAction\":[{\"@type\":\"ReadAction\",\"target\":[\"https:\/\/riaskru.com\/en\/carta-riaskru\/\"]}]},{\"@type\":\"BreadcrumbList\",\"@id\":\"https:\/\/riaskru.com\/en\/carta-riaskru\/#breadcrumb\",\"itemListElement\":[{\"@type\":\"ListItem\",\"position\":1,\"name\":\"Portada\",\"item\":\"https:\/\/riaskru.com\/en\/\"},{\"@type\":\"ListItem\",\"position\":2,\"name\":\"Carta R\u00edasKru\"}]},{\"@type\":\"WebSite\",\"@id\":\"https:\/\/riaskru.com\/en\/#website\",\"url\":\"https:\/\/riaskru.com\/en\/\",\"name\":\"R\u00edasKRU\",\"description\":\"Marisquer\u00eda cl\u00e1sica y moderna\",\"publisher\":{\"@id\":\"https:\/\/riaskru.com\/en\/#organization\"},\"potentialAction\":[{\"@type\":\"SearchAction\",\"target\":{\"@type\":\"EntryPoint\",\"urlTemplate\":\"https:\/\/riaskru.com\/en\/?s={search_term_string}\"},\"query-input\":{\"@type\":\"PropertyValueSpecification\",\"valueRequired\":true,\"valueName\":\"search_term_string\"}}],\"inLanguage\":\"en-US\"},{\"@type\":\"Organization\",\"@id\":\"https:\/\/riaskru.com\/en\/#organization\",\"name\":\"R\u00edasKRU\",\"url\":\"https:\/\/riaskru.com\/en\/\",\"logo\":{\"@type\":\"ImageObject\",\"inLanguage\":\"en-US\",\"@id\":\"https:\/\/riaskru.com\/en\/#\/schema\/logo\/image\/\",\"url\":\"https:\/\/riaskru.com\/wp-content\/uploads\/2022\/10\/riasKRUlogoRetina-1.png\",\"contentUrl\":\"https:\/\/riaskru.com\/wp-content\/uploads\/2022\/10\/riasKRUlogoRetina-1.png\",\"width\":716,\"height\":207,\"caption\":\"R\u00edasKRU\"},\"image\":{\"@id\":\"https:\/\/riaskru.com\/en\/#\/schema\/logo\/image\/\"},\"sameAs\":[\"https:\/\/www.instagram.com\/riaskru\/\"]}]}<\/script>\n<!-- \/ Yoast SEO plugin. -->","yoast_head_json":{"title":"Carta R\u00edasKru - R\u00edasKRU","robots":{"index":"index","follow":"follow","max-snippet":"max-snippet:-1","max-image-preview":"max-image-preview:large","max-video-preview":"max-video-preview:-1"},"canonical":"https:\/\/riaskru.com\/en\/carta-riaskru\/","og_locale":"en_US","og_type":"article","og_title":"Carta R\u00edasKru - R\u00edasKRU","og_description":"[vc_row type=&#8221;in_container&#8221; full_screen_row_position=&#8221;middle&#8221; column_margin=&#8221;default&#8221; column_direction=&#8221;default&#8221; column_direction_tablet=&#8221;default&#8221; column_direction_phone=&#8221;default&#8221; scene_position=&#8221;center&#8221; text_color=&#8221;dark&#8221; text_align=&#8221;left&#8221; row_border_radius=&#8221;none&#8221; row_border_radius_applies=&#8221;bg&#8221; overflow=&#8221;visible&#8221; overlay_strength=&#8221;0.3&#8243; gradient_direction=&#8221;left_to_right&#8221; shape_divider_position=&#8221;bottom&#8221; bg_image_animation=&#8221;none&#8221;][vc_column column_padding=&#8221;no-extra-padding&#8221; column_padding_tablet=&#8221;inherit&#8221; column_padding_phone=&#8221;inherit&#8221; column_padding_position=&#8221;all&#8221; column_element_direction_desktop=&#8221;default&#8221; column_element_spacing=&#8221;default&#8221; desktop_text_alignment=&#8221;default&#8221; tablet_text_alignment=&#8221;default&#8221; phone_text_alignment=&#8221;default&#8221; background_color_opacity=&#8221;1&#8243; background_hover_color_opacity=&#8221;1&#8243; column_backdrop_filter=&#8221;none&#8221; column_shadow=&#8221;none&#8221;...","og_url":"https:\/\/riaskru.com\/en\/carta-riaskru\/","og_site_name":"R\u00edasKRU","article_modified_time":"2025-08-28T08:27:53+00:00","twitter_card":"summary_large_image","twitter_misc":{"Est. reading time":"1 minute"},"schema":{"@context":"https:\/\/schema.org","@graph":[{"@type":"WebPage","@id":"https:\/\/riaskru.com\/en\/carta-riaskru\/","url":"https:\/\/riaskru.com\/en\/carta-riaskru\/","name":"Carta R\u00edasKru - R\u00edasKRU","isPartOf":{"@id":"https:\/\/riaskru.com\/en\/#website"},"datePublished":"2025-08-14T09:03:48+00:00","dateModified":"2025-08-28T08:27:53+00:00","breadcrumb":{"@id":"https:\/\/riaskru.com\/en\/carta-riaskru\/#breadcrumb"},"inLanguage":"en-US","potentialAction":[{"@type":"ReadAction","target":["https:\/\/riaskru.com\/en\/carta-riaskru\/"]}]},{"@type":"BreadcrumbList","@id":"https:\/\/riaskru.com\/en\/carta-riaskru\/#breadcrumb","itemListElement":[{"@type":"ListItem","position":1,"name":"Portada","item":"https:\/\/riaskru.com\/en\/"},{"@type":"ListItem","position":2,"name":"Carta R\u00edasKru"}]},{"@type":"WebSite","@id":"https:\/\/riaskru.com\/en\/#website","url":"https:\/\/riaskru.com\/en\/","name":"R\u00edasKRU","description":"Marisquer\u00eda cl\u00e1sica y moderna","publisher":{"@id":"https:\/\/riaskru.com\/en\/#organization"},"potentialAction":[{"@type":"SearchAction","target":{"@type":"EntryPoint","urlTemplate":"https:\/\/riaskru.com\/en\/?s={search_term_string}"},"query-input":{"@type":"PropertyValueSpecification","valueRequired":true,"valueName":"search_term_string"}}],"inLanguage":"en-US"},{"@type":"Organization","@id":"https:\/\/riaskru.com\/en\/#organization","name":"R\u00edasKRU","url":"https:\/\/riaskru.com\/en\/","logo":{"@type":"ImageObject","inLanguage":"en-US","@id":"https:\/\/riaskru.com\/en\/#\/schema\/logo\/image\/","url":"https:\/\/riaskru.com\/wp-content\/uploads\/2022\/10\/riasKRUlogoRetina-1.png","contentUrl":"https:\/\/riaskru.com\/wp-content\/uploads\/2022\/10\/riasKRUlogoRetina-1.png","width":716,"height":207,"caption":"R\u00edasKRU"},"image":{"@id":"https:\/\/riaskru.com\/en\/#\/schema\/logo\/image\/"},"sameAs":["https:\/\/www.instagram.com\/riaskru\/"]}]}},"_links":{"self":[{"href":"https:\/\/riaskru.com\/en\/wp-json\/wp\/v2\/pages\/1104","targetHints":{"allow":["GET"]}}],"collection":[{"href":"https:\/\/riaskru.com\/en\/wp-json\/wp\/v2\/pages"}],"about":[{"href":"https:\/\/riaskru.com\/en\/wp-json\/wp\/v2\/types\/page"}],"author":[{"embeddable":true,"href":"https:\/\/riaskru.com\/en\/wp-json\/wp\/v2\/users\/1"}],"replies":[{"embeddable":true,"href":"https:\/\/riaskru.com\/en\/wp-json\/wp\/v2\/comments?post=1104"}],"version-history":[{"count":1,"href":"https:\/\/riaskru.com\/en\/wp-json\/wp\/v2\/pages\/1104\/revisions"}],"predecessor-version":[{"id":1107,"href":"https:\/\/riaskru.com\/en\/wp-json\/wp\/v2\/pages\/1104\/revisions\/1107"}],"wp:attachment":[{"href":"https:\/\/riaskru.com\/en\/wp-json\/wp\/v2\/media?parent=1104"}],"curies":[{"name":"wp","href":"https:\/\/api.w.org\/{rel}","templated":true}]}}