{"id":601,"date":"2023-01-26T09:17:11","date_gmt":"2023-01-26T09:17:11","guid":{"rendered":"https:\/\/riaskru.com\/infoparking\/"},"modified":"2025-07-24T15:58:42","modified_gmt":"2025-07-24T15:58:42","slug":"valetparking","status":"publish","type":"page","link":"https:\/\/riaskru.com\/ca\/valetparking\/","title":{"rendered":"Valet Parking"},"content":{"rendered":"[vc_row type=&#8221;full_width_background&#8221; full_screen_row_position=&#8221;middle&#8221; column_margin=&#8221;default&#8221; column_direction=&#8221;default&#8221; column_direction_tablet=&#8221;default&#8221; column_direction_phone=&#8221;default&#8221; bg_color=&#8221;#ffffff&#8221; bg_image=&#8221;37&#8243; bg_position=&#8221;center center&#8221; background_image_loading=&#8221;default&#8221; bg_repeat=&#8221;no-repeat&#8221; scene_position=&#8221;center&#8221; top_padding=&#8221;8%&#8221; bottom_padding=&#8221;8%&#8221; text_color=&#8221;light&#8221; text_align=&#8221;left&#8221; row_border_radius=&#8221;none&#8221; row_border_radius_applies=&#8221;bg&#8221; overflow=&#8221;visible&#8221; class=&#8221;parking&#8221; id=&#8221;parking&#8221; overlay_strength=&#8221;0.3&#8243; gradient_direction=&#8221;left_to_right&#8221; shape_divider_position=&#8221;bottom&#8221; bg_image_animation=&#8221;none&#8221;][vc_column column_padding=&#8221;padding-5-percent&#8221; column_padding_tablet=&#8221;inherit&#8221; column_padding_phone=&#8221;inherit&#8221; column_padding_position=&#8221;top-right&#8221; column_element_direction_desktop=&#8221;default&#8221; column_element_spacing=&#8221;default&#8221; centered_text=&#8221;true&#8221; desktop_text_alignment=&#8221;default&#8221; tablet_text_alignment=&#8221;default&#8221; phone_text_alignment=&#8221;default&#8221; background_color_opacity=&#8221;1&#8243; background_hover_color_opacity=&#8221;1&#8243; column_backdrop_filter=&#8221;none&#8221; column_shadow=&#8221;none&#8221; column_border_radius=&#8221;none&#8221; column_link_target=&#8221;_self&#8221; column_position=&#8221;default&#8221; gradient_direction=&#8221;left_to_right&#8221; overlay_strength=&#8221;0.3&#8243; width=&#8221;1\/1&#8243; tablet_width_inherit=&#8221;default&#8221; animation_type=&#8221;default&#8221; bg_image_animation=&#8221;none&#8221; border_type=&#8221;simple&#8221; column_border_width=&#8221;none&#8221; column_border_style=&#8221;solid&#8221; column_padding_type=&#8221;default&#8221; gradient_type=&#8221;default&#8221;][vc_column_text css=&#8221;.vc_custom_1753372716143{background-color: rgba(255,255,255,0.4) !important;*background-color: rgb(255,255,255) !important;}&#8221;]\n<h1 class=\"titular\">Aparcacotxes<\/h1>\n<p class=\"parrafo destacado\">A R\u00edasKru oferim un servei d\u2019<strong>aparcacotxes (valet parking)<\/strong> pensat per a la teva comoditat i tranquil\u00b7litat.<br \/>\nEl nostre equip s\u2019encarrega de tot: des de rebre el teu vehicle a l\u2019entrada fins a retornar-te\u2019l a la sortida<br \/>\n<span class=\"disfruta\">nom\u00e9s has de preocupar-te de gaudir!<\/span><\/p>\n[\/vc_column_text][\/vc_column][\/vc_row]\n","protected":false},"excerpt":{"rendered":"<p>[vc_row type=&#8221;full_width_background&#8221; full_screen_row_position=&#8221;middle&#8221; column_margin=&#8221;default&#8221; column_direction=&#8221;default&#8221; column_direction_tablet=&#8221;default&#8221; column_direction_phone=&#8221;default&#8221; bg_color=&#8221;#ffffff&#8221; bg_image=&#8221;37&#8243; bg_position=&#8221;center center&#8221; background_image_loading=&#8221;default&#8221; bg_repeat=&#8221;no-repeat&#8221; scene_position=&#8221;center&#8221; top_padding=&#8221;8%&#8221; bottom_padding=&#8221;8%&#8221; text_color=&#8221;light&#8221; text_align=&#8221;left&#8221; row_border_radius=&#8221;none&#8221; row_border_radius_applies=&#8221;bg&#8221; overflow=&#8221;visible&#8221; class=&#8221;parking&#8221; id=&#8221;parking&#8221; overlay_strength=&#8221;0.3&#8243; gradient_direction=&#8221;left_to_right&#8221; shape_divider_position=&#8221;bottom&#8221; bg_image_animation=&#8221;none&#8221;][vc_column column_padding=&#8221;padding-5-percent&#8221; column_padding_tablet=&#8221;inherit&#8221; column_padding_phone=&#8221;inherit&#8221;&#8230;<\/p>\n","protected":false},"author":1,"featured_media":0,"parent":0,"menu_order":0,"comment_status":"closed","ping_status":"closed","template":"","meta":{"footnotes":""},"class_list":["post-601","page","type-page","status-publish"],"yoast_head":"<!-- This site is optimized with the Yoast SEO plugin v26.3 - https:\/\/yoast.com\/wordpress\/plugins\/seo\/ -->\n<title>Valet Parking - Marisquer\u00eda cl\u00e1sica y moderna<\/title>\n<meta name=\"description\" content=\"R\u00edasKRU - La uni\u00f3n de la marisquer\u00eda cl\u00e1sica y moderna, con de 30 a\u00f1os ofreciendo el mejor producto del mar. Marisquer\u00eda cl\u00e1sica y moderna\" \/>\n<meta name=\"robots\" content=\"index, follow, max-snippet:-1, max-image-preview:large, max-video-preview:-1\" \/>\n<link rel=\"canonical\" href=\"https:\/\/riaskru.com\/ca\/valetparking\/\" \/>\n<meta property=\"og:locale\" content=\"ca_ES\" \/>\n<meta property=\"og:type\" content=\"article\" \/>\n<meta property=\"og:title\" content=\"Valet Parking - Marisquer\u00eda cl\u00e1sica y moderna\" \/>\n<meta property=\"og:description\" content=\"R\u00edasKRU - La uni\u00f3n de la marisquer\u00eda cl\u00e1sica y moderna, con de 30 a\u00f1os ofreciendo el mejor producto del mar. Marisquer\u00eda cl\u00e1sica y moderna\" \/>\n<meta property=\"og:url\" content=\"https:\/\/riaskru.com\/ca\/valetparking\/\" \/>\n<meta property=\"og:site_name\" content=\"R\u00edasKRU\" \/>\n<meta property=\"article:modified_time\" content=\"2025-07-24T15:58:42+00:00\" \/>\n<meta name=\"twitter:card\" content=\"summary_large_image\" \/>\n<meta name=\"twitter:label1\" content=\"Temps estimat de lectura\" \/>\n\t<meta name=\"twitter:data1\" content=\"1 minut\" \/>\n<script type=\"application\/ld+json\" class=\"yoast-schema-graph\">{\"@context\":\"https:\/\/schema.org\",\"@graph\":[{\"@type\":\"WebPage\",\"@id\":\"https:\/\/riaskru.com\/ca\/valetparking\/\",\"url\":\"https:\/\/riaskru.com\/ca\/valetparking\/\",\"name\":\"Valet Parking - Marisquer\u00eda cl\u00e1sica y moderna\",\"isPartOf\":{\"@id\":\"https:\/\/riaskru.com\/ca\/#website\"},\"datePublished\":\"2023-01-26T09:17:11+00:00\",\"dateModified\":\"2025-07-24T15:58:42+00:00\",\"description\":\"R\u00edasKRU - La uni\u00f3n de la marisquer\u00eda cl\u00e1sica y moderna, con de 30 a\u00f1os ofreciendo el mejor producto del mar. Marisquer\u00eda cl\u00e1sica y moderna\",\"breadcrumb\":{\"@id\":\"https:\/\/riaskru.com\/ca\/valetparking\/#breadcrumb\"},\"inLanguage\":\"ca\",\"potentialAction\":[{\"@type\":\"ReadAction\",\"target\":[\"https:\/\/riaskru.com\/ca\/valetparking\/\"]}]},{\"@type\":\"BreadcrumbList\",\"@id\":\"https:\/\/riaskru.com\/ca\/valetparking\/#breadcrumb\",\"itemListElement\":[{\"@type\":\"ListItem\",\"position\":1,\"name\":\"Portada\",\"item\":\"https:\/\/riaskru.com\/ca\/\"},{\"@type\":\"ListItem\",\"position\":2,\"name\":\"Valet Parking\"}]},{\"@type\":\"WebSite\",\"@id\":\"https:\/\/riaskru.com\/ca\/#website\",\"url\":\"https:\/\/riaskru.com\/ca\/\",\"name\":\"R\u00edasKRU\",\"description\":\"Marisquer\u00eda cl\u00e1sica y moderna\",\"publisher\":{\"@id\":\"https:\/\/riaskru.com\/ca\/#organization\"},\"potentialAction\":[{\"@type\":\"SearchAction\",\"target\":{\"@type\":\"EntryPoint\",\"urlTemplate\":\"https:\/\/riaskru.com\/ca\/?s={search_term_string}\"},\"query-input\":{\"@type\":\"PropertyValueSpecification\",\"valueRequired\":true,\"valueName\":\"search_term_string\"}}],\"inLanguage\":\"ca\"},{\"@type\":\"Organization\",\"@id\":\"https:\/\/riaskru.com\/ca\/#organization\",\"name\":\"R\u00edasKRU\",\"url\":\"https:\/\/riaskru.com\/ca\/\",\"logo\":{\"@type\":\"ImageObject\",\"inLanguage\":\"ca\",\"@id\":\"https:\/\/riaskru.com\/ca\/#\/schema\/logo\/image\/\",\"url\":\"https:\/\/riaskru.com\/wp-content\/uploads\/2022\/10\/riasKRUlogoRetina-1.png\",\"contentUrl\":\"https:\/\/riaskru.com\/wp-content\/uploads\/2022\/10\/riasKRUlogoRetina-1.png\",\"width\":716,\"height\":207,\"caption\":\"R\u00edasKRU\"},\"image\":{\"@id\":\"https:\/\/riaskru.com\/ca\/#\/schema\/logo\/image\/\"},\"sameAs\":[\"https:\/\/www.instagram.com\/riaskru\/\"]}]}<\/script>\n<!-- \/ Yoast SEO plugin. -->","yoast_head_json":{"title":"Valet Parking - Marisquer\u00eda cl\u00e1sica y moderna","description":"R\u00edasKRU - La uni\u00f3n de la marisquer\u00eda cl\u00e1sica y moderna, con de 30 a\u00f1os ofreciendo el mejor producto del mar. Marisquer\u00eda cl\u00e1sica y moderna","robots":{"index":"index","follow":"follow","max-snippet":"max-snippet:-1","max-image-preview":"max-image-preview:large","max-video-preview":"max-video-preview:-1"},"canonical":"https:\/\/riaskru.com\/ca\/valetparking\/","og_locale":"ca_ES","og_type":"article","og_title":"Valet Parking - Marisquer\u00eda cl\u00e1sica y moderna","og_description":"R\u00edasKRU - La uni\u00f3n de la marisquer\u00eda cl\u00e1sica y moderna, con de 30 a\u00f1os ofreciendo el mejor producto del mar. Marisquer\u00eda cl\u00e1sica y moderna","og_url":"https:\/\/riaskru.com\/ca\/valetparking\/","og_site_name":"R\u00edasKRU","article_modified_time":"2025-07-24T15:58:42+00:00","twitter_card":"summary_large_image","twitter_misc":{"Temps estimat de lectura":"1 minut"},"schema":{"@context":"https:\/\/schema.org","@graph":[{"@type":"WebPage","@id":"https:\/\/riaskru.com\/ca\/valetparking\/","url":"https:\/\/riaskru.com\/ca\/valetparking\/","name":"Valet Parking - Marisquer\u00eda cl\u00e1sica y moderna","isPartOf":{"@id":"https:\/\/riaskru.com\/ca\/#website"},"datePublished":"2023-01-26T09:17:11+00:00","dateModified":"2025-07-24T15:58:42+00:00","description":"R\u00edasKRU - La uni\u00f3n de la marisquer\u00eda cl\u00e1sica y moderna, con de 30 a\u00f1os ofreciendo el mejor producto del mar. Marisquer\u00eda cl\u00e1sica y moderna","breadcrumb":{"@id":"https:\/\/riaskru.com\/ca\/valetparking\/#breadcrumb"},"inLanguage":"ca","potentialAction":[{"@type":"ReadAction","target":["https:\/\/riaskru.com\/ca\/valetparking\/"]}]},{"@type":"BreadcrumbList","@id":"https:\/\/riaskru.com\/ca\/valetparking\/#breadcrumb","itemListElement":[{"@type":"ListItem","position":1,"name":"Portada","item":"https:\/\/riaskru.com\/ca\/"},{"@type":"ListItem","position":2,"name":"Valet Parking"}]},{"@type":"WebSite","@id":"https:\/\/riaskru.com\/ca\/#website","url":"https:\/\/riaskru.com\/ca\/","name":"R\u00edasKRU","description":"Marisquer\u00eda cl\u00e1sica y moderna","publisher":{"@id":"https:\/\/riaskru.com\/ca\/#organization"},"potentialAction":[{"@type":"SearchAction","target":{"@type":"EntryPoint","urlTemplate":"https:\/\/riaskru.com\/ca\/?s={search_term_string}"},"query-input":{"@type":"PropertyValueSpecification","valueRequired":true,"valueName":"search_term_string"}}],"inLanguage":"ca"},{"@type":"Organization","@id":"https:\/\/riaskru.com\/ca\/#organization","name":"R\u00edasKRU","url":"https:\/\/riaskru.com\/ca\/","logo":{"@type":"ImageObject","inLanguage":"ca","@id":"https:\/\/riaskru.com\/ca\/#\/schema\/logo\/image\/","url":"https:\/\/riaskru.com\/wp-content\/uploads\/2022\/10\/riasKRUlogoRetina-1.png","contentUrl":"https:\/\/riaskru.com\/wp-content\/uploads\/2022\/10\/riasKRUlogoRetina-1.png","width":716,"height":207,"caption":"R\u00edasKRU"},"image":{"@id":"https:\/\/riaskru.com\/ca\/#\/schema\/logo\/image\/"},"sameAs":["https:\/\/www.instagram.com\/riaskru\/"]}]}},"_links":{"self":[{"href":"https:\/\/riaskru.com\/ca\/wp-json\/wp\/v2\/pages\/601","targetHints":{"allow":["GET"]}}],"collection":[{"href":"https:\/\/riaskru.com\/ca\/wp-json\/wp\/v2\/pages"}],"about":[{"href":"https:\/\/riaskru.com\/ca\/wp-json\/wp\/v2\/types\/page"}],"author":[{"embeddable":true,"href":"https:\/\/riaskru.com\/ca\/wp-json\/wp\/v2\/users\/1"}],"replies":[{"embeddable":true,"href":"https:\/\/riaskru.com\/ca\/wp-json\/wp\/v2\/comments?post=601"}],"version-history":[{"count":5,"href":"https:\/\/riaskru.com\/ca\/wp-json\/wp\/v2\/pages\/601\/revisions"}],"predecessor-version":[{"id":943,"href":"https:\/\/riaskru.com\/ca\/wp-json\/wp\/v2\/pages\/601\/revisions\/943"}],"wp:attachment":[{"href":"https:\/\/riaskru.com\/ca\/wp-json\/wp\/v2\/media?parent=601"}],"curies":[{"name":"wp","href":"https:\/\/api.w.org\/{rel}","templated":true}]}}