{"id":1136,"date":"2025-08-14T09:47:48","date_gmt":"2025-08-14T09:47:48","guid":{"rendered":"https:\/\/riaskru.com\/menu-riaskru\/"},"modified":"2026-01-16T14:14:49","modified_gmt":"2026-01-16T14:14:49","slug":"menu-riaskru","status":"publish","type":"page","link":"https:\/\/riaskru.com\/ca\/menu-riaskru\/","title":{"rendered":"Men\u00fa R\u00edasKru"},"content":{"rendered":"[vc_row type=&#8221;in_container&#8221; full_screen_row_position=&#8221;middle&#8221; column_margin=&#8221;default&#8221; column_direction=&#8221;default&#8221; column_direction_tablet=&#8221;default&#8221; column_direction_phone=&#8221;default&#8221; scene_position=&#8221;center&#8221; text_color=&#8221;dark&#8221; text_align=&#8221;left&#8221; row_border_radius=&#8221;none&#8221; row_border_radius_applies=&#8221;bg&#8221; overflow=&#8221;visible&#8221; overlay_strength=&#8221;0.3&#8243; gradient_direction=&#8221;left_to_right&#8221; shape_divider_position=&#8221;bottom&#8221; bg_image_animation=&#8221;none&#8221;][vc_column column_padding=&#8221;no-extra-padding&#8221; column_padding_tablet=&#8221;inherit&#8221; column_padding_phone=&#8221;inherit&#8221; column_padding_position=&#8221;all&#8221; column_element_direction_desktop=&#8221;default&#8221; column_element_spacing=&#8221;default&#8221; desktop_text_alignment=&#8221;default&#8221; tablet_text_alignment=&#8221;default&#8221; phone_text_alignment=&#8221;default&#8221; background_color_opacity=&#8221;1&#8243; background_hover_color_opacity=&#8221;1&#8243; column_backdrop_filter=&#8221;none&#8221; column_shadow=&#8221;none&#8221; column_border_radius=&#8221;none&#8221; column_link_target=&#8221;_self&#8221; column_position=&#8221;default&#8221; gradient_direction=&#8221;left_to_right&#8221; overlay_strength=&#8221;0.3&#8243; width=&#8221;1\/1&#8243; tablet_width_inherit=&#8221;default&#8221; animation_type=&#8221;default&#8221; bg_image_animation=&#8221;none&#8221; border_type=&#8221;simple&#8221; column_border_width=&#8221;none&#8221; column_border_style=&#8221;solid&#8221;][vc_raw_html]JTNDc2VjdGlvbiUyMGNsYXNzJTNEJTIybWVudS1jb250YWluZXIlMjIlM0UlMEElMjAlMjAlM0NpbWclMjBzcmMlM0QlMjJodHRwcyUzQSUyRiUyRnJpYXNrcnUuY29tJTJGd3AtY29udGVudCUyRnVwbG9hZHMlMkYyMDI1JTJGMDglMkZsb2xvbGl0YS0xLnBuZyUyMiUyMGFsdCUzRCUyMkxvZ28lMjBSJUMzJUFEYXNLUlUlMjIlMjBjbGFzcyUzRCUyMm1lbnUtbG9nbyUyMiUzRSUwQSUyMCUyMCUzQ2gxJTIwY2xhc3MlM0QlMjJtZW51LWhlYWRpbmclMjIlM0VNZW4lQzMlQkElMjBSJUMzJThEQVNLUlUlM0MlMkZoMSUzRSUwQSUwQSUyMCUyMCUzQ3NlY3Rpb24lMjBjbGFzcyUzRCUyMm1lbnUtc2VjdGlvbiUyMiUzRSUwQSUyMCUyMCUyMCUyMCUzQ3AlM0VHYXJvdGElMjBhbWIlMjBicm91JTIwZGUlMjAlRTIlODAlOUNjaGlsaSUyMGNyYWIlRTIlODAlOUQlM0MlMkZwJTNFJTBBJTIwJTIwJTIwJTIwJTNDcCUzRU1vcyUyMGRlJTIwcGFzdGElMjBkZSUyMGZ1bGwlMjBkJTI3ZXJpJUMzJUE3JUMzJUIzJTIwYW1iJTIwZm9pZSUyMGklMjB0JUMzJUIyZm9uYSUyMG5lZ3JhJTNDJTJGcCUzRSUwQSUyMCUyMCUyMCUyMCUzQ3AlM0VDYXJwYWNjaW8lMjBkZSUyMGJvdSUyMGdhbGxlYyUyMG1hZHVyYXQlMjBhbWIlMjBmb3JtYXRnZSUyMHBheW95byUyMGklMjB0JUMzJUIyZm9uYSUyMG5lZ3JhJTNDJTJGcCUzRSUwQSUyMCUyMCUyMCUyMCUzQ3AlM0VPc3RyYSUyMGFtYiUyMGdlbGUlQzMlQTklMjBkZSUyMGdpbnQlQzMlQjJuaWMlMjBpJTIwcG9tYSUyMHZlcmRhJTNDJTJGcCUzRSUwQSUyMCUyMCUyMCUyMCUzQ3AlM0VOYXZhbGxhJTIwS3J1JTIwYW1iJTIwJUUyJTgwJTlDYmV1cnJlJTIwYmxhbmMlRTIlODAlOUQlMjBhbCUyMGNhdmlhciUzQyUyRnAlM0UlMEElMjAlMjAlMjAlMjAlM0NwJTNFQ2V2aWNoZSUyMGRlJTIwZ2FtYmElMjB2ZXJtZWxsYSUyMGFtYiUyMGxsZXQlMjBkZSUyMHRpZ3JlJTIwZCVFMiU4MCU5OWFqJUMzJUFEJTIwZ3JvYyUyMGElMjBsYSUyMGJyYXNhJTNDJTJGcCUzRSUwQSUyMCUyMCUyMCUyMCUzQ3AlM0VUcmlvJTIwZGUlMjB0b255aW5hJTIwYm91JTIwJTI4Zm9pZSUyMGdyYXMlMkMlMjB0JUMzJUIyZm9uYSUyMG5lZ3JhJTIwaSUyMGNhdmlhciUyOSUzQyUyRnAlM0UlMEElMjAlMjAlMjAlMjAlM0NwJTNFR29mcmUlMjBkZSUyMHNhbG0lQzMlQjMlMjBtYWR1cmF0JTIwYSUyMGwlRTIlODAlOTlhbGwlMjBuZWdyZSUyMGFtYiUyMGNlcHMlM0MlMkZwJTNFJTBBJTIwJTIwJTIwJTIwJTNDcCUzRVZpZWlyYSUyMGFtYiUyMCVFMiU4MCU5Q3R4YW5ndXJybyVFMiU4MCU5RCUyMGElMjBsYSUyMGRvbm9zdGlhcnJhJTNDJTJGcCUzRSUwQSUyMCUyMCUyMCUyMCUzQ3AlM0VXYWd5dSUyMEE1JTIwamFwb24lQzMlQThzJTIwYW1iJTIwc2Fsc2ElMjBkZSUyMHBlYnJlJTIwdmVyZCUzQyUyRnAlM0UlMEElMjAlMjAlM0MlMkZzZWN0aW9uJTNFJTBBJTBBJTIwJTIwJTNDc2VjdGlvbiUyMGNsYXNzJTNEJTIybWVudS1zZWN0aW9uJTIyJTNFJTBBJTIwJTIwJTIwJTIwJTNDaDIlMjBjbGFzcyUzRCUyMm1lbnUtc3VidGl0bGUlMjIlM0VQb3N0cmVzJTNDJTJGaDIlM0UlMEElMjAlMjAlMjAlMjAlM0NwJTNFTGxpbWElMjAlMkYlMjBsbGltb25hJTJDJTIweXV6dSUyMGklMjBiZXJnYW1vdGElM0MlMkZwJTNFJTBBJTIwJTIwJTIwJTIwJTNDcCUzRVBhbmV0dG9uZSUyMGFsJTIwdGlyYW1pcyVDMyVCQSUzQyUyRnAlM0UlMEElMjAlMjAlM0MlMkZzZWN0aW9uJTNFJTBBJTBBJTIwJTIwJTNDc2VjdGlvbiUyMGNsYXNzJTNEJTIybWVudS1zZWN0aW9uJTIwcHJpY2UtYmxvY2slMjIlM0UlMEElMjAlMjAlMjAlMjAlM0NwJTIwY2xhc3MlM0QlMjJtZW51LXByaWNlJTIyJTNFMTI1JUUyJTgyJUFDJTIwcGVyJTIwcGVyc29uYSUzQyUyRnAlM0UlMEElMjAlMjAlMjAlMjAlM0NwJTIwY2xhc3MlM0QlMjJtZW51LW5vdGUlMjIlM0UlMkElMjBFbiUyMGNhcyUyMGQlRTIlODAlOTlhbCVDMiVCN2wlQzMlQThyZ2llcyUyQyUyMGF2aXNldS1ub3MlM0NiciUzRSUwQSUyMCUyMCUyMCUyMCUyQSUyMFByb2R1Y3RlcyUyMHNlZ29ucyUyMGRpc3BvbmliaWxpdGF0JTNDYnIlM0UlMEElMjAlMjAlMjAlMjAlMkElMjBNZW4lQzMlQkFzJTIwcGVyJTIwYSUyMHRhdWxhJTIwY29tcGxlcnRhJTNDYnIlM0UlMEElMjAlMjAlMjAlMjAxMCUyNSUyMGQlRTIlODAlOTlJVkElMjBpbmNsJUMzJUIycyUzQyUyRnAlM0UlMEElMjAlMjAlM0MlMkZzZWN0aW9uJTNFJTBBJTNDJTJGc2VjdGlvbiUzRSUwQQ==[\/vc_raw_html][\/vc_column][\/vc_row]\n","protected":false},"excerpt":{"rendered":"<p>[vc_row type=&#8221;in_container&#8221; full_screen_row_position=&#8221;middle&#8221; column_margin=&#8221;default&#8221; column_direction=&#8221;default&#8221; column_direction_tablet=&#8221;default&#8221; column_direction_phone=&#8221;default&#8221; scene_position=&#8221;center&#8221; text_color=&#8221;dark&#8221; text_align=&#8221;left&#8221; row_border_radius=&#8221;none&#8221; row_border_radius_applies=&#8221;bg&#8221; overflow=&#8221;visible&#8221; overlay_strength=&#8221;0.3&#8243; gradient_direction=&#8221;left_to_right&#8221; shape_divider_position=&#8221;bottom&#8221; bg_image_animation=&#8221;none&#8221;][vc_column column_padding=&#8221;no-extra-padding&#8221; column_padding_tablet=&#8221;inherit&#8221; column_padding_phone=&#8221;inherit&#8221; column_padding_position=&#8221;all&#8221; column_element_direction_desktop=&#8221;default&#8221; column_element_spacing=&#8221;default&#8221; desktop_text_alignment=&#8221;default&#8221; tablet_text_alignment=&#8221;default&#8221; phone_text_alignment=&#8221;default&#8221; background_color_opacity=&#8221;1&#8243; background_hover_color_opacity=&#8221;1&#8243; column_backdrop_filter=&#8221;none&#8221; column_shadow=&#8221;none&#8221;&#8230;<\/p>\n","protected":false},"author":1,"featured_media":0,"parent":0,"menu_order":0,"comment_status":"closed","ping_status":"closed","template":"","meta":{"footnotes":""},"class_list":["post-1136","page","type-page","status-publish"],"yoast_head":"<!-- This site is optimized with the Yoast SEO plugin v26.3 - https:\/\/yoast.com\/wordpress\/plugins\/seo\/ -->\n<title>Men\u00fa R\u00edasKru - R\u00edasKRU<\/title>\n<meta name=\"robots\" content=\"index, follow, max-snippet:-1, max-image-preview:large, max-video-preview:-1\" \/>\n<link rel=\"canonical\" href=\"https:\/\/riaskru.com\/ca\/menu-riaskru\/\" \/>\n<meta property=\"og:locale\" content=\"ca_ES\" \/>\n<meta property=\"og:type\" content=\"article\" \/>\n<meta property=\"og:title\" content=\"Men\u00fa R\u00edasKru - R\u00edasKRU\" \/>\n<meta property=\"og:description\" content=\"[vc_row type=&#8221;in_container&#8221; full_screen_row_position=&#8221;middle&#8221; column_margin=&#8221;default&#8221; column_direction=&#8221;default&#8221; column_direction_tablet=&#8221;default&#8221; column_direction_phone=&#8221;default&#8221; scene_position=&#8221;center&#8221; text_color=&#8221;dark&#8221; text_align=&#8221;left&#8221; row_border_radius=&#8221;none&#8221; row_border_radius_applies=&#8221;bg&#8221; overflow=&#8221;visible&#8221; overlay_strength=&#8221;0.3&#8243; gradient_direction=&#8221;left_to_right&#8221; shape_divider_position=&#8221;bottom&#8221; bg_image_animation=&#8221;none&#8221;][vc_column column_padding=&#8221;no-extra-padding&#8221; column_padding_tablet=&#8221;inherit&#8221; column_padding_phone=&#8221;inherit&#8221; column_padding_position=&#8221;all&#8221; column_element_direction_desktop=&#8221;default&#8221; column_element_spacing=&#8221;default&#8221; desktop_text_alignment=&#8221;default&#8221; tablet_text_alignment=&#8221;default&#8221; phone_text_alignment=&#8221;default&#8221; background_color_opacity=&#8221;1&#8243; background_hover_color_opacity=&#8221;1&#8243; column_backdrop_filter=&#8221;none&#8221; column_shadow=&#8221;none&#8221;...\" \/>\n<meta property=\"og:url\" content=\"https:\/\/riaskru.com\/ca\/menu-riaskru\/\" \/>\n<meta property=\"og:site_name\" content=\"R\u00edasKRU\" \/>\n<meta property=\"article:modified_time\" content=\"2026-01-16T14:14:49+00:00\" \/>\n<meta name=\"twitter:card\" content=\"summary_large_image\" \/>\n<meta name=\"twitter:label1\" content=\"Temps estimat de lectura\" \/>\n\t<meta name=\"twitter:data1\" content=\"1 minut\" \/>\n<script type=\"application\/ld+json\" class=\"yoast-schema-graph\">{\"@context\":\"https:\/\/schema.org\",\"@graph\":[{\"@type\":\"WebPage\",\"@id\":\"https:\/\/riaskru.com\/ca\/menu-riaskru\/\",\"url\":\"https:\/\/riaskru.com\/ca\/menu-riaskru\/\",\"name\":\"Men\u00fa R\u00edasKru - R\u00edasKRU\",\"isPartOf\":{\"@id\":\"https:\/\/riaskru.com\/ca\/#website\"},\"datePublished\":\"2025-08-14T09:47:48+00:00\",\"dateModified\":\"2026-01-16T14:14:49+00:00\",\"breadcrumb\":{\"@id\":\"https:\/\/riaskru.com\/ca\/menu-riaskru\/#breadcrumb\"},\"inLanguage\":\"ca\",\"potentialAction\":[{\"@type\":\"ReadAction\",\"target\":[\"https:\/\/riaskru.com\/ca\/menu-riaskru\/\"]}]},{\"@type\":\"BreadcrumbList\",\"@id\":\"https:\/\/riaskru.com\/ca\/menu-riaskru\/#breadcrumb\",\"itemListElement\":[{\"@type\":\"ListItem\",\"position\":1,\"name\":\"Portada\",\"item\":\"https:\/\/riaskru.com\/ca\/\"},{\"@type\":\"ListItem\",\"position\":2,\"name\":\"Men\u00fa R\u00edasKru\"}]},{\"@type\":\"WebSite\",\"@id\":\"https:\/\/riaskru.com\/ca\/#website\",\"url\":\"https:\/\/riaskru.com\/ca\/\",\"name\":\"R\u00edasKRU\",\"description\":\"Marisquer\u00eda cl\u00e1sica y moderna\",\"publisher\":{\"@id\":\"https:\/\/riaskru.com\/ca\/#organization\"},\"potentialAction\":[{\"@type\":\"SearchAction\",\"target\":{\"@type\":\"EntryPoint\",\"urlTemplate\":\"https:\/\/riaskru.com\/ca\/?s={search_term_string}\"},\"query-input\":{\"@type\":\"PropertyValueSpecification\",\"valueRequired\":true,\"valueName\":\"search_term_string\"}}],\"inLanguage\":\"ca\"},{\"@type\":\"Organization\",\"@id\":\"https:\/\/riaskru.com\/ca\/#organization\",\"name\":\"R\u00edasKRU\",\"url\":\"https:\/\/riaskru.com\/ca\/\",\"logo\":{\"@type\":\"ImageObject\",\"inLanguage\":\"ca\",\"@id\":\"https:\/\/riaskru.com\/ca\/#\/schema\/logo\/image\/\",\"url\":\"https:\/\/riaskru.com\/wp-content\/uploads\/2022\/10\/riasKRUlogoRetina-1.png\",\"contentUrl\":\"https:\/\/riaskru.com\/wp-content\/uploads\/2022\/10\/riasKRUlogoRetina-1.png\",\"width\":716,\"height\":207,\"caption\":\"R\u00edasKRU\"},\"image\":{\"@id\":\"https:\/\/riaskru.com\/ca\/#\/schema\/logo\/image\/\"},\"sameAs\":[\"https:\/\/www.instagram.com\/riaskru\/\"]}]}<\/script>\n<!-- \/ Yoast SEO plugin. -->","yoast_head_json":{"title":"Men\u00fa R\u00edasKru - R\u00edasKRU","robots":{"index":"index","follow":"follow","max-snippet":"max-snippet:-1","max-image-preview":"max-image-preview:large","max-video-preview":"max-video-preview:-1"},"canonical":"https:\/\/riaskru.com\/ca\/menu-riaskru\/","og_locale":"ca_ES","og_type":"article","og_title":"Men\u00fa R\u00edasKru - R\u00edasKRU","og_description":"[vc_row type=&#8221;in_container&#8221; full_screen_row_position=&#8221;middle&#8221; column_margin=&#8221;default&#8221; column_direction=&#8221;default&#8221; column_direction_tablet=&#8221;default&#8221; column_direction_phone=&#8221;default&#8221; scene_position=&#8221;center&#8221; text_color=&#8221;dark&#8221; text_align=&#8221;left&#8221; row_border_radius=&#8221;none&#8221; row_border_radius_applies=&#8221;bg&#8221; overflow=&#8221;visible&#8221; overlay_strength=&#8221;0.3&#8243; gradient_direction=&#8221;left_to_right&#8221; shape_divider_position=&#8221;bottom&#8221; bg_image_animation=&#8221;none&#8221;][vc_column column_padding=&#8221;no-extra-padding&#8221; column_padding_tablet=&#8221;inherit&#8221; column_padding_phone=&#8221;inherit&#8221; column_padding_position=&#8221;all&#8221; column_element_direction_desktop=&#8221;default&#8221; column_element_spacing=&#8221;default&#8221; desktop_text_alignment=&#8221;default&#8221; tablet_text_alignment=&#8221;default&#8221; phone_text_alignment=&#8221;default&#8221; background_color_opacity=&#8221;1&#8243; background_hover_color_opacity=&#8221;1&#8243; column_backdrop_filter=&#8221;none&#8221; column_shadow=&#8221;none&#8221;...","og_url":"https:\/\/riaskru.com\/ca\/menu-riaskru\/","og_site_name":"R\u00edasKRU","article_modified_time":"2026-01-16T14:14:49+00:00","twitter_card":"summary_large_image","twitter_misc":{"Temps estimat de lectura":"1 minut"},"schema":{"@context":"https:\/\/schema.org","@graph":[{"@type":"WebPage","@id":"https:\/\/riaskru.com\/ca\/menu-riaskru\/","url":"https:\/\/riaskru.com\/ca\/menu-riaskru\/","name":"Men\u00fa R\u00edasKru - R\u00edasKRU","isPartOf":{"@id":"https:\/\/riaskru.com\/ca\/#website"},"datePublished":"2025-08-14T09:47:48+00:00","dateModified":"2026-01-16T14:14:49+00:00","breadcrumb":{"@id":"https:\/\/riaskru.com\/ca\/menu-riaskru\/#breadcrumb"},"inLanguage":"ca","potentialAction":[{"@type":"ReadAction","target":["https:\/\/riaskru.com\/ca\/menu-riaskru\/"]}]},{"@type":"BreadcrumbList","@id":"https:\/\/riaskru.com\/ca\/menu-riaskru\/#breadcrumb","itemListElement":[{"@type":"ListItem","position":1,"name":"Portada","item":"https:\/\/riaskru.com\/ca\/"},{"@type":"ListItem","position":2,"name":"Men\u00fa R\u00edasKru"}]},{"@type":"WebSite","@id":"https:\/\/riaskru.com\/ca\/#website","url":"https:\/\/riaskru.com\/ca\/","name":"R\u00edasKRU","description":"Marisquer\u00eda cl\u00e1sica y moderna","publisher":{"@id":"https:\/\/riaskru.com\/ca\/#organization"},"potentialAction":[{"@type":"SearchAction","target":{"@type":"EntryPoint","urlTemplate":"https:\/\/riaskru.com\/ca\/?s={search_term_string}"},"query-input":{"@type":"PropertyValueSpecification","valueRequired":true,"valueName":"search_term_string"}}],"inLanguage":"ca"},{"@type":"Organization","@id":"https:\/\/riaskru.com\/ca\/#organization","name":"R\u00edasKRU","url":"https:\/\/riaskru.com\/ca\/","logo":{"@type":"ImageObject","inLanguage":"ca","@id":"https:\/\/riaskru.com\/ca\/#\/schema\/logo\/image\/","url":"https:\/\/riaskru.com\/wp-content\/uploads\/2022\/10\/riasKRUlogoRetina-1.png","contentUrl":"https:\/\/riaskru.com\/wp-content\/uploads\/2022\/10\/riasKRUlogoRetina-1.png","width":716,"height":207,"caption":"R\u00edasKRU"},"image":{"@id":"https:\/\/riaskru.com\/ca\/#\/schema\/logo\/image\/"},"sameAs":["https:\/\/www.instagram.com\/riaskru\/"]}]}},"_links":{"self":[{"href":"https:\/\/riaskru.com\/ca\/wp-json\/wp\/v2\/pages\/1136","targetHints":{"allow":["GET"]}}],"collection":[{"href":"https:\/\/riaskru.com\/ca\/wp-json\/wp\/v2\/pages"}],"about":[{"href":"https:\/\/riaskru.com\/ca\/wp-json\/wp\/v2\/types\/page"}],"author":[{"embeddable":true,"href":"https:\/\/riaskru.com\/ca\/wp-json\/wp\/v2\/users\/1"}],"replies":[{"embeddable":true,"href":"https:\/\/riaskru.com\/ca\/wp-json\/wp\/v2\/comments?post=1136"}],"version-history":[{"count":2,"href":"https:\/\/riaskru.com\/ca\/wp-json\/wp\/v2\/pages\/1136\/revisions"}],"predecessor-version":[{"id":1245,"href":"https:\/\/riaskru.com\/ca\/wp-json\/wp\/v2\/pages\/1136\/revisions\/1245"}],"wp:attachment":[{"href":"https:\/\/riaskru.com\/ca\/wp-json\/wp\/v2\/media?parent=1136"}],"curies":[{"name":"wp","href":"https:\/\/api.w.org\/{rel}","templated":true}]}}