{"id":1119,"date":"2025-09-05T08:38:41","date_gmt":"2025-09-05T08:38:41","guid":{"rendered":"https:\/\/riaskru.com\/menu-mediodia\/"},"modified":"2026-01-16T10:35:40","modified_gmt":"2026-01-16T10:35:40","slug":"menu-mediodia","status":"publish","type":"page","link":"https:\/\/riaskru.com\/ca\/menu-mediodia\/","title":{"rendered":"Men\u00fa Mediod\u00eda"},"content":{"rendered":"[vc_row type=&#8221;in_container&#8221; full_screen_row_position=&#8221;middle&#8221; column_margin=&#8221;default&#8221; column_direction=&#8221;default&#8221; column_direction_tablet=&#8221;default&#8221; column_direction_phone=&#8221;default&#8221; scene_position=&#8221;center&#8221; text_color=&#8221;dark&#8221; text_align=&#8221;left&#8221; row_border_radius=&#8221;none&#8221; row_border_radius_applies=&#8221;bg&#8221; overflow=&#8221;visible&#8221; overlay_strength=&#8221;0.3&#8243; gradient_direction=&#8221;left_to_right&#8221; shape_divider_position=&#8221;bottom&#8221; bg_image_animation=&#8221;none&#8221;][vc_column column_padding=&#8221;no-extra-padding&#8221; column_padding_tablet=&#8221;inherit&#8221; column_padding_phone=&#8221;inherit&#8221; column_padding_position=&#8221;all&#8221; column_element_direction_desktop=&#8221;default&#8221; column_element_spacing=&#8221;default&#8221; desktop_text_alignment=&#8221;default&#8221; tablet_text_alignment=&#8221;default&#8221; phone_text_alignment=&#8221;default&#8221; background_color_opacity=&#8221;1&#8243; background_hover_color_opacity=&#8221;1&#8243; column_backdrop_filter=&#8221;none&#8221; column_shadow=&#8221;none&#8221; column_border_radius=&#8221;none&#8221; column_link_target=&#8221;_self&#8221; column_position=&#8221;default&#8221; gradient_direction=&#8221;left_to_right&#8221; overlay_strength=&#8221;0.3&#8243; width=&#8221;1\/1&#8243; tablet_width_inherit=&#8221;default&#8221; animation_type=&#8221;default&#8221; bg_image_animation=&#8221;none&#8221; border_type=&#8221;simple&#8221; column_border_width=&#8221;none&#8221; column_border_style=&#8221;solid&#8221;][vc_raw_html]JTNDZGl2JTIwY2xhc3MlM0QlMjJyay1tZW51LW1pZ2RpYSUyMHJrLXBvcHBpbnMlMjIlM0UlMEElMEElMjAlMjAlM0NoZWFkZXIlMjBjbGFzcyUzRCUyMnJrLWhlYWQlMjIlM0UlMEElMjAlMjAlMjAlMjAlM0NoMSUyMGNsYXNzJTNEJTIycmstdGl0bGUlMjIlM0VNZW4lQzMlQkElMjBNaWdkaWElM0MlMkZoMSUzRSUwQSUyMCUyMCUyMCUyMCUzQ3AlMjBjbGFzcyUzRCUyMnJrLWxlYWQlMjIlM0UlMEElMjAlMjAlMjAlMjAlMjAlMjBEZSUyMCUzQ3N0cm9uZyUzRWRpbWFydHMlMjBhJTIwZGl2ZW5kcmVzJTNDJTJGc3Ryb25nJTNFJTJDJTIwZGUlMjAlM0NzdHJvbmclM0UxMyUzQTMwJTIwYSUyMDE1JTNBMzAlM0MlMkZzdHJvbmclM0UlMkMlMjBvZmVyaW0lMjB1biUyMG1lbiVDMyVCQSUyMGRlJTIwbWlnZGlhJTIwcGVyJTIwJTBBJTIwJTIwJTIwJTIwJTIwJTIwJTNDc3Ryb25nJTNFNjUlMjZuYnNwJTNCJUUyJTgyJUFDJTIwJTI4SVZBJTIwaW5jbCVDMyVCMnMlMjklM0MlMkZzdHJvbmclM0UlMjBxdWUlMjBhbmlyZW0lMjB2YXJpYW50JTIwJTNDc3Ryb25nJTNFcmVndWxhcm1lbnQlM0MlMkZzdHJvbmclM0UlMjBzZWdvbnMlMjB0ZW1wb3JhZGElMjBpJTIwbWVyY2F0LiUwQSUyMCUyMCUyMCUyMCUzQyUyRnAlM0UlMEElMjAlMjAlM0MlMkZoZWFkZXIlM0UlMEElMEElMjAlMjAlM0NzZWN0aW9uJTIwY2xhc3MlM0QlMjJyay1ibG9jayUyMiUzRSUwQSUyMCUyMCUyMCUyMCUzQ2gyJTIwY2xhc3MlM0QlMjJyay1oMiUyMiUzRUFwZXJpdGl1JTNDJTJGaDIlM0UlMEElMjAlMjAlMjAlMjAlM0N1bCUyMGNsYXNzJTNEJTIycmstbGlzdCUyMiUzRSUwQSUyMCUyMCUyMCUyMCUyMCUyMCUzQ2xpJTNFUGElMjBpJTIwbWFudGVnYSUzQyUyRmxpJTNFJTBBJTIwJTIwJTIwJTIwJTNDJTJGdWwlM0UlMEElMjAlMjAlM0MlMkZzZWN0aW9uJTNFJTBBJTBBJTIwJTIwJTNDc2VjdGlvbiUyMGNsYXNzJTNEJTIycmstYmxvY2slMjIlM0UlMEElMjAlMjAlMjAlMjAlM0NoMiUyMGNsYXNzJTNEJTIycmstaDIlMjIlM0VQcmltZXJzJTIwJUMyJUI3JTIwYSUyMGVzY29sbGlyLW5lJTIwdW4lM0MlMkZoMiUzRSUwQSUyMCUyMCUyMCUyMCUzQ3VsJTIwY2xhc3MlM0QlMjJyay1saXN0JTIyJTNFJTBBJTIwJTIwJTIwJTIwJTIwJTIwJTNDbGklM0VUJUMzJUEwcnRhciUyMGRlJTIwdG9tJUMzJUEwcXVldCUzQyUyRmxpJTNFJTBBJTIwJTIwJTIwJTIwJTIwJTIwJTNDbGklM0VUJUMzJUEwcnRhciUyMGRlJTIwdG9ueWluYSUyMGFtYiUyMGFsdm9jYXQlM0MlMkZsaSUzRSUwQSUyMCUyMCUyMCUyMCUyMCUyMCUzQ2xpJTNFQ2FycGFjY2lvJTIwZGUlMjBib3UlMjBnYWxsZWMlMjBtYWR1cmF0JTIwYW1iJTIwZm9ybWF0Z2UlMjBQYXlveW8lMkMlMjBmb2llJTIwaSUyMHRydWZhJTNDJTJGbGklM0UlMEElMjAlMjAlMjAlMjAlMjAlMjAlM0NsaSUzRVRpcmFkaXRvJTIwZGUlMjBwZWl4JTIwbGxpbW9uYSUyMGFtYiUyMGxsZXQlMjBkZSUyMHRpZ3JlJTIwZCVFMiU4MCU5OWFqJUMzJUFEJTIwZ3JvYyUyMGklMjBibGF0JTIwZGUlMjBtb3JvJTIwYSUyMGxhJTIwYnJhc2ElM0MlMkZsaSUzRSUwQSUyMCUyMCUyMCUyMCUzQyUyRnVsJTNFJTBBJTIwJTIwJTNDJTJGc2VjdGlvbiUzRSUwQSUwQSUyMCUyMCUzQ3NlY3Rpb24lMjBjbGFzcyUzRCUyMnJrLWJsb2NrJTIyJTNFJTBBJTIwJTIwJTIwJTIwJTNDaDIlMjBjbGFzcyUzRCUyMnJrLWgyJTIyJTNFU2Vnb25zJTIwJUMyJUI3JTIwYSUyMGVzY29sbGlyLW5lJTIwdW4lM0MlMkZoMiUzRSUwQSUyMCUyMCUyMCUyMCUzQ3VsJTIwY2xhc3MlM0QlMjJyay1saXN0JTIyJTNFJTBBJTIwJTIwJTIwJTIwJTIwJTIwJTNDbGklM0VBcnIlQzMlQjJzJTIwbWVsJUMzJUIzcyUyMGRlJTIwYm9sZXRzJTIwZGUlMjB0ZW1wb3JhZGElMjBpJTIwZm9ybWF0Z2UlMjBnb3Jnb256b2xhJTNDJTJGbGklM0UlMEElMjAlMjAlMjAlMjAlMjAlMjAlM0NsaSUzRVJpZ2F0b25pJTIwYW1iJTIwY2xvJUMzJUFGc3NlcyUzQyUyRmxpJTNFJTBBJTIwJTIwJTIwJTIwJTIwJTIwJTNDbGklM0VMbG9iYXJybyUyMGFsJTIwZm9ybiUzQyUyRmxpJTNFJTBBJTIwJTIwJTIwJTIwJTIwJTIwJTNDbGklM0VCcmlza2V0JTIwZGUlMjB2ZWRlbGxhJTIwcm9zdGl0JTIwYSUyMGJhaXhhJTIwdGVtcGVyYXR1cmElMjBhbWIlMjBwYXRhdGVzJTIwZnJlZ2lkZXMlM0MlMkZsaSUzRSUwQSUyMCUyMCUyMCUyMCUzQyUyRnVsJTNFJTBBJTIwJTIwJTNDJTJGc2VjdGlvbiUzRSUwQSUwQSUyMCUyMCUzQ3NlY3Rpb24lMjBjbGFzcyUzRCUyMnJrLWJsb2NrJTIyJTNFJTBBJTIwJTIwJTIwJTIwJTNDaDIlMjBjbGFzcyUzRCUyMnJrLWgyJTIyJTNFUG9zdHJlcyUyMCVDMiVCNyUyMGElMjBlc2NvbGxpci1uZSUyMHVuJTNDJTJGaDIlM0UlMEElMjAlMjAlMjAlMjAlM0N1bCUyMGNsYXNzJTNEJTIycmstbGlzdCUyMiUzRSUwQSUyMCUyMCUyMCUyMCUyMCUyMCUzQ2xpJTNFJUUyJTgwJTlDVG9ycmlqYSVFMiU4MCU5RCUyMGFtYiUyMGdlbGF0JTIwZCVFMiU4MCU5OWFtZXRsbGElMjBpJTIwdG9yciVDMyVCMyUzQyUyRmxpJTNFJTBBJTIwJTIwJTIwJTIwJTIwJTIwJTNDbGklM0VMbGltYSUyMCUyRiUyMGxsaW1vbmElMkMlMjB5dXp1JTIwaSUyMGJlcmdhbW90YSUzQyUyRmxpJTNFJTBBJTIwJTIwJTIwJTIwJTNDJTJGdWwlM0UlMEElMjAlMjAlMjAlMjAlM0NwJTIwY2xhc3MlM0QlMjJyay1zdXBsJTIyJTNFTHVzdGF1JTIwU2FuJTIwRW1pbGlvJTIwJUUyJTgwJTk0JTIwUGVkcm8lMjBYaW0lQzMlQTluZXolMjAlM0NzcGFuJTNFJTI4U3VwbC4lMjAxMiUyNm5ic3AlM0IlRTIlODIlQUMlMjklM0MlMkZzcGFuJTNFJTNDJTJGcCUzRSUwQSUyMCUyMCUzQyUyRnNlY3Rpb24lM0UlMEElMEElMjAlMjAlM0NzZWN0aW9uJTIwY2xhc3MlM0QlMjJyay1ibG9jayUyMiUzRSUwQSUyMCUyMCUyMCUyMCUzQ2gyJTIwY2xhc3MlM0QlMjJyay1oMiUyMiUzRVZpbnMlMjAlQzIlQjclMjBhJTIwZXNjb2xsaXItbmUlMjB1bmElMjBjb3BhJTNDJTJGaDIlM0UlMEElMjAlMjAlMjAlMjAlM0N1bCUyMGNsYXNzJTNEJTIycmstbGlzdCUyMHJrLXdpbmVzJTIyJTNFJTBBJTIwJTIwJTIwJTIwJTIwJTIwJTNDbGklM0VUb3JyZSUyMGxhJTIwTW9yZWlyYSUyMCVFMiU4MCU5NCUyMEFsYmFyaSVDMyVCMW8lMjAlRTIlODAlOTQlMjBELk8uJTIwUiVDMyVBRGFzJTIwQmFpeGFzJTNDJTJGbGklM0UlMEElMjAlMjAlMjAlMjAlMjAlMjAlM0NsaSUzRUJhcmRvcyUyMCVFMiU4MCU5NCUyMHVsbCUyMGRlJTIwbGxlYnJlJTIwJTI4dGVtcHJhbmlsbG8lMjklMjAlRTIlODAlOTQlMjBELk8uJTIwUmliZXJhJTIwZGVsJTIwRHVlcm8lM0MlMkZsaSUzRSUwQSUyMCUyMCUyMCUyMCUzQyUyRnVsJTNFJTBBJTIwJTIwJTNDJTJGc2VjdGlvbiUzRSUwQSUwQSUyMCUyMCUzQ3NlY3Rpb24lMjBjbGFzcyUzRCUyMnJrLWZpbmFsJTIyJTNFJTBBJTIwJTIwJTIwJTIwJTNDcCUyMGNsYXNzJTNEJTIycmstaW5jJTIyJTNFQWlndWElMkMlMjBjYWYlQzMlQTglMjBpJTIwJTNDZW0lM0VwZXRpdCUyMGZvdXJzJTNDJTJGZW0lM0UlM0MlMkZwJTNFJTBBJTIwJTIwJTIwJTIwJTNDcCUyMGNsYXNzJTNEJTIycmstcHJpY2UlMjIlM0U2NSUyNm5ic3AlM0IlRTIlODIlQUMlM0MlMkZwJTNFJTBBJTIwJTIwJTIwJTIwJTNDcCUyMGNsYXNzJTNEJTIycmstY2FwJTIyJTNFUHJldSUyMHBlciUyMHBlcnNvbmElMjAlQzIlQjclMjBJVkElMjBpbmNsJUMzJUIycyUzQyUyRnAlM0UlMEElMjAlMjAlM0MlMkZzZWN0aW9uJTNFJTBBJTBBJTIwJTIwJTNDc2VjdGlvbiUyMGNsYXNzJTNEJTIycmstdXBncmFkZSUyMiUzRSUwQSUyMCUyMCUyMCUyMCUzQ2gzJTIwY2xhc3MlM0QlMjJyay1oMyUyMiUzRU9wY2klQzMlQjMlMjBBbXBsaWFkYSUzQyUyRmgzJTNFJTBBJTIwJTIwJTIwJTIwJTNDcCUyMGNsYXNzJTNEJTIycmstdXAlMjIlM0VTaSUyMGhvJTIwcHJlZmVyaXUlMkMlMjBwb2RldSUyMGdhdWRpciUyMGRlJTIwJTNDc3Ryb25nJTNFMyUyMHBsYXRzJTIwJTI4YSUyMGVzY29sbGlyJTIwZW50cmUlMjA4JTI5JTNDJTJGc3Ryb25nJTNFLiUzQyUyRnAlM0UlMEElMjAlMjAlMjAlMjAlM0NwJTIwY2xhc3MlM0QlMjJyay1wcmljZSUyMHJrLXByaWNlLS1zbWFsbCUyMiUzRTgwJTI2bmJzcCUzQiVFMiU4MiVBQyUyMCUyRiUyMFBlciUyMHBlcnNvbmElM0MlMkZwJTNFJTBBJTIwJTIwJTNDJTJGc2VjdGlvbiUzRSUwQSUwQSUzQyUyRmRpdiUzRSUwQQ==[\/vc_raw_html][\/vc_column][\/vc_row]\n","protected":false},"excerpt":{"rendered":"<p>[vc_row type=&#8221;in_container&#8221; full_screen_row_position=&#8221;middle&#8221; column_margin=&#8221;default&#8221; column_direction=&#8221;default&#8221; column_direction_tablet=&#8221;default&#8221; column_direction_phone=&#8221;default&#8221; scene_position=&#8221;center&#8221; text_color=&#8221;dark&#8221; text_align=&#8221;left&#8221; row_border_radius=&#8221;none&#8221; row_border_radius_applies=&#8221;bg&#8221; overflow=&#8221;visible&#8221; overlay_strength=&#8221;0.3&#8243; gradient_direction=&#8221;left_to_right&#8221; shape_divider_position=&#8221;bottom&#8221; bg_image_animation=&#8221;none&#8221;][vc_column column_padding=&#8221;no-extra-padding&#8221; column_padding_tablet=&#8221;inherit&#8221; column_padding_phone=&#8221;inherit&#8221; column_padding_position=&#8221;all&#8221; column_element_direction_desktop=&#8221;default&#8221; column_element_spacing=&#8221;default&#8221; desktop_text_alignment=&#8221;default&#8221; tablet_text_alignment=&#8221;default&#8221; phone_text_alignment=&#8221;default&#8221; background_color_opacity=&#8221;1&#8243; background_hover_color_opacity=&#8221;1&#8243; column_backdrop_filter=&#8221;none&#8221; column_shadow=&#8221;none&#8221;&#8230;<\/p>\n","protected":false},"author":1,"featured_media":0,"parent":0,"menu_order":0,"comment_status":"closed","ping_status":"closed","template":"","meta":{"footnotes":""},"class_list":["post-1119","page","type-page","status-publish"],"yoast_head":"<!-- This site is optimized with the Yoast SEO plugin v26.3 - https:\/\/yoast.com\/wordpress\/plugins\/seo\/ -->\n<title>Men\u00fa Mediod\u00eda - R\u00edasKRU<\/title>\n<meta name=\"robots\" content=\"index, follow, max-snippet:-1, max-image-preview:large, max-video-preview:-1\" \/>\n<link rel=\"canonical\" href=\"https:\/\/riaskru.com\/ca\/menu-mediodia\/\" \/>\n<meta property=\"og:locale\" content=\"ca_ES\" \/>\n<meta property=\"og:type\" content=\"article\" \/>\n<meta property=\"og:title\" content=\"Men\u00fa Mediod\u00eda - R\u00edasKRU\" \/>\n<meta property=\"og:description\" content=\"[vc_row type=&#8221;in_container&#8221; full_screen_row_position=&#8221;middle&#8221; column_margin=&#8221;default&#8221; column_direction=&#8221;default&#8221; column_direction_tablet=&#8221;default&#8221; column_direction_phone=&#8221;default&#8221; scene_position=&#8221;center&#8221; text_color=&#8221;dark&#8221; text_align=&#8221;left&#8221; row_border_radius=&#8221;none&#8221; row_border_radius_applies=&#8221;bg&#8221; overflow=&#8221;visible&#8221; overlay_strength=&#8221;0.3&#8243; gradient_direction=&#8221;left_to_right&#8221; shape_divider_position=&#8221;bottom&#8221; bg_image_animation=&#8221;none&#8221;][vc_column column_padding=&#8221;no-extra-padding&#8221; column_padding_tablet=&#8221;inherit&#8221; column_padding_phone=&#8221;inherit&#8221; column_padding_position=&#8221;all&#8221; column_element_direction_desktop=&#8221;default&#8221; column_element_spacing=&#8221;default&#8221; desktop_text_alignment=&#8221;default&#8221; tablet_text_alignment=&#8221;default&#8221; phone_text_alignment=&#8221;default&#8221; background_color_opacity=&#8221;1&#8243; background_hover_color_opacity=&#8221;1&#8243; column_backdrop_filter=&#8221;none&#8221; column_shadow=&#8221;none&#8221;...\" \/>\n<meta property=\"og:url\" content=\"https:\/\/riaskru.com\/ca\/menu-mediodia\/\" \/>\n<meta property=\"og:site_name\" content=\"R\u00edasKRU\" \/>\n<meta property=\"article:modified_time\" content=\"2026-01-16T10:35:40+00:00\" \/>\n<meta name=\"twitter:card\" content=\"summary_large_image\" \/>\n<meta name=\"twitter:label1\" content=\"Temps estimat de lectura\" \/>\n\t<meta name=\"twitter:data1\" content=\"1 minut\" \/>\n<script type=\"application\/ld+json\" class=\"yoast-schema-graph\">{\"@context\":\"https:\/\/schema.org\",\"@graph\":[{\"@type\":\"WebPage\",\"@id\":\"https:\/\/riaskru.com\/ca\/menu-mediodia\/\",\"url\":\"https:\/\/riaskru.com\/ca\/menu-mediodia\/\",\"name\":\"Men\u00fa Mediod\u00eda - R\u00edasKRU\",\"isPartOf\":{\"@id\":\"https:\/\/riaskru.com\/ca\/#website\"},\"datePublished\":\"2025-09-05T08:38:41+00:00\",\"dateModified\":\"2026-01-16T10:35:40+00:00\",\"breadcrumb\":{\"@id\":\"https:\/\/riaskru.com\/ca\/menu-mediodia\/#breadcrumb\"},\"inLanguage\":\"ca\",\"potentialAction\":[{\"@type\":\"ReadAction\",\"target\":[\"https:\/\/riaskru.com\/ca\/menu-mediodia\/\"]}]},{\"@type\":\"BreadcrumbList\",\"@id\":\"https:\/\/riaskru.com\/ca\/menu-mediodia\/#breadcrumb\",\"itemListElement\":[{\"@type\":\"ListItem\",\"position\":1,\"name\":\"Portada\",\"item\":\"https:\/\/riaskru.com\/ca\/\"},{\"@type\":\"ListItem\",\"position\":2,\"name\":\"Men\u00fa Mediod\u00eda\"}]},{\"@type\":\"WebSite\",\"@id\":\"https:\/\/riaskru.com\/ca\/#website\",\"url\":\"https:\/\/riaskru.com\/ca\/\",\"name\":\"R\u00edasKRU\",\"description\":\"Marisquer\u00eda cl\u00e1sica y moderna\",\"publisher\":{\"@id\":\"https:\/\/riaskru.com\/ca\/#organization\"},\"potentialAction\":[{\"@type\":\"SearchAction\",\"target\":{\"@type\":\"EntryPoint\",\"urlTemplate\":\"https:\/\/riaskru.com\/ca\/?s={search_term_string}\"},\"query-input\":{\"@type\":\"PropertyValueSpecification\",\"valueRequired\":true,\"valueName\":\"search_term_string\"}}],\"inLanguage\":\"ca\"},{\"@type\":\"Organization\",\"@id\":\"https:\/\/riaskru.com\/ca\/#organization\",\"name\":\"R\u00edasKRU\",\"url\":\"https:\/\/riaskru.com\/ca\/\",\"logo\":{\"@type\":\"ImageObject\",\"inLanguage\":\"ca\",\"@id\":\"https:\/\/riaskru.com\/ca\/#\/schema\/logo\/image\/\",\"url\":\"https:\/\/riaskru.com\/wp-content\/uploads\/2022\/10\/riasKRUlogoRetina-1.png\",\"contentUrl\":\"https:\/\/riaskru.com\/wp-content\/uploads\/2022\/10\/riasKRUlogoRetina-1.png\",\"width\":716,\"height\":207,\"caption\":\"R\u00edasKRU\"},\"image\":{\"@id\":\"https:\/\/riaskru.com\/ca\/#\/schema\/logo\/image\/\"},\"sameAs\":[\"https:\/\/www.instagram.com\/riaskru\/\"]}]}<\/script>\n<!-- \/ Yoast SEO plugin. -->","yoast_head_json":{"title":"Men\u00fa Mediod\u00eda - R\u00edasKRU","robots":{"index":"index","follow":"follow","max-snippet":"max-snippet:-1","max-image-preview":"max-image-preview:large","max-video-preview":"max-video-preview:-1"},"canonical":"https:\/\/riaskru.com\/ca\/menu-mediodia\/","og_locale":"ca_ES","og_type":"article","og_title":"Men\u00fa Mediod\u00eda - R\u00edasKRU","og_description":"[vc_row type=&#8221;in_container&#8221; full_screen_row_position=&#8221;middle&#8221; column_margin=&#8221;default&#8221; column_direction=&#8221;default&#8221; column_direction_tablet=&#8221;default&#8221; column_direction_phone=&#8221;default&#8221; scene_position=&#8221;center&#8221; text_color=&#8221;dark&#8221; text_align=&#8221;left&#8221; row_border_radius=&#8221;none&#8221; row_border_radius_applies=&#8221;bg&#8221; overflow=&#8221;visible&#8221; overlay_strength=&#8221;0.3&#8243; gradient_direction=&#8221;left_to_right&#8221; shape_divider_position=&#8221;bottom&#8221; bg_image_animation=&#8221;none&#8221;][vc_column column_padding=&#8221;no-extra-padding&#8221; column_padding_tablet=&#8221;inherit&#8221; column_padding_phone=&#8221;inherit&#8221; column_padding_position=&#8221;all&#8221; column_element_direction_desktop=&#8221;default&#8221; column_element_spacing=&#8221;default&#8221; desktop_text_alignment=&#8221;default&#8221; tablet_text_alignment=&#8221;default&#8221; phone_text_alignment=&#8221;default&#8221; background_color_opacity=&#8221;1&#8243; background_hover_color_opacity=&#8221;1&#8243; column_backdrop_filter=&#8221;none&#8221; column_shadow=&#8221;none&#8221;...","og_url":"https:\/\/riaskru.com\/ca\/menu-mediodia\/","og_site_name":"R\u00edasKRU","article_modified_time":"2026-01-16T10:35:40+00:00","twitter_card":"summary_large_image","twitter_misc":{"Temps estimat de lectura":"1 minut"},"schema":{"@context":"https:\/\/schema.org","@graph":[{"@type":"WebPage","@id":"https:\/\/riaskru.com\/ca\/menu-mediodia\/","url":"https:\/\/riaskru.com\/ca\/menu-mediodia\/","name":"Men\u00fa Mediod\u00eda - R\u00edasKRU","isPartOf":{"@id":"https:\/\/riaskru.com\/ca\/#website"},"datePublished":"2025-09-05T08:38:41+00:00","dateModified":"2026-01-16T10:35:40+00:00","breadcrumb":{"@id":"https:\/\/riaskru.com\/ca\/menu-mediodia\/#breadcrumb"},"inLanguage":"ca","potentialAction":[{"@type":"ReadAction","target":["https:\/\/riaskru.com\/ca\/menu-mediodia\/"]}]},{"@type":"BreadcrumbList","@id":"https:\/\/riaskru.com\/ca\/menu-mediodia\/#breadcrumb","itemListElement":[{"@type":"ListItem","position":1,"name":"Portada","item":"https:\/\/riaskru.com\/ca\/"},{"@type":"ListItem","position":2,"name":"Men\u00fa Mediod\u00eda"}]},{"@type":"WebSite","@id":"https:\/\/riaskru.com\/ca\/#website","url":"https:\/\/riaskru.com\/ca\/","name":"R\u00edasKRU","description":"Marisquer\u00eda cl\u00e1sica y moderna","publisher":{"@id":"https:\/\/riaskru.com\/ca\/#organization"},"potentialAction":[{"@type":"SearchAction","target":{"@type":"EntryPoint","urlTemplate":"https:\/\/riaskru.com\/ca\/?s={search_term_string}"},"query-input":{"@type":"PropertyValueSpecification","valueRequired":true,"valueName":"search_term_string"}}],"inLanguage":"ca"},{"@type":"Organization","@id":"https:\/\/riaskru.com\/ca\/#organization","name":"R\u00edasKRU","url":"https:\/\/riaskru.com\/ca\/","logo":{"@type":"ImageObject","inLanguage":"ca","@id":"https:\/\/riaskru.com\/ca\/#\/schema\/logo\/image\/","url":"https:\/\/riaskru.com\/wp-content\/uploads\/2022\/10\/riasKRUlogoRetina-1.png","contentUrl":"https:\/\/riaskru.com\/wp-content\/uploads\/2022\/10\/riasKRUlogoRetina-1.png","width":716,"height":207,"caption":"R\u00edasKRU"},"image":{"@id":"https:\/\/riaskru.com\/ca\/#\/schema\/logo\/image\/"},"sameAs":["https:\/\/www.instagram.com\/riaskru\/"]}]}},"_links":{"self":[{"href":"https:\/\/riaskru.com\/ca\/wp-json\/wp\/v2\/pages\/1119","targetHints":{"allow":["GET"]}}],"collection":[{"href":"https:\/\/riaskru.com\/ca\/wp-json\/wp\/v2\/pages"}],"about":[{"href":"https:\/\/riaskru.com\/ca\/wp-json\/wp\/v2\/types\/page"}],"author":[{"embeddable":true,"href":"https:\/\/riaskru.com\/ca\/wp-json\/wp\/v2\/users\/1"}],"replies":[{"embeddable":true,"href":"https:\/\/riaskru.com\/ca\/wp-json\/wp\/v2\/comments?post=1119"}],"version-history":[{"count":4,"href":"https:\/\/riaskru.com\/ca\/wp-json\/wp\/v2\/pages\/1119\/revisions"}],"predecessor-version":[{"id":1237,"href":"https:\/\/riaskru.com\/ca\/wp-json\/wp\/v2\/pages\/1119\/revisions\/1237"}],"wp:attachment":[{"href":"https:\/\/riaskru.com\/ca\/wp-json\/wp\/v2\/media?parent=1119"}],"curies":[{"name":"wp","href":"https:\/\/api.w.org\/{rel}","templated":true}]}}